{"id":948,"date":"2025-10-06T08:50:30","date_gmt":"2025-10-06T08:50:30","guid":{"rendered":"https:\/\/shop.kosovotwopointzero.com\/?post_type=product&#038;p=948"},"modified":"2026-01-19T14:54:39","modified_gmt":"2026-01-19T14:54:39","slug":"rab-rab-journal-5","status":"publish","type":"product","link":"https:\/\/shop.kosovotwopointzero.com\/sq\/shop\/me-shume-publikime\/art-vizual\/rab-rab-journal-5\/","title":{"rendered":"Rab Rab Journal #5"},"content":{"rendered":"","protected":false},"excerpt":{"rendered":"<p>Numri i pest\u00eb i \u201cRab-Rab: Journal of Political and Formal Inquiries in Art\u201d p\u00ebrmban rr\u00ebfime p\u00ebr tradhtar\u00eb komb\u00ebtar\u00eb, turma t\u00eb ashp\u00ebra, p\u00ebrpjekjeve t\u00eb grave socialiste, formave t\u00eb dashuris\u00eb, kund\u00ebr-revolucionar\u00ebve psikedelik\u00eb, sindikatave t\u00eb pun\u00ebtor\u00ebve, violinist\u00ebve t\u00eb Brechtit, realizmit surreal t\u00eb xhazit, trenave sovjetik\u00eb dhe antifashizmit.<br \/>\nNd\u00ebr k\u00ebto artikuj p\u00ebrfshihen dy dosje t\u00eb zgjeurara mbi Franklin Rosemont dhe Robert Linhart.<\/p>\n<p><strong>Autor\u00eb:<\/strong> Anna Thew, Yehuda Safran, Peter Gidal, Cana Bilir-Meier, David Black, Marjo Liukkonen, Alejandro Pedregal, Peter Hallward, Minna Henriksson, Tevik Rada, Joe Feinberg dhe Jyrki Siukonen<br \/>\n<strong>Dizajni:<\/strong> Ott Kagovere<br \/>\n<strong>Kopertina:<\/strong> Paperback<br \/>\n<strong>ISSN:<\/strong> 23424885<br \/>\n<strong>Viti:<\/strong> N\u00ebntor 2021<br \/>\n<strong>Dimensionet:<\/strong> 24 x 17 cm<br \/>\n<strong>Faqet:<\/strong> 279<br \/>\n<strong>Botuesi:<\/strong> RabRab Press<\/p>\n","protected":false},"featured_media":942,"template":"","meta":{"_acf_changed":false},"product_brand":[],"product_cat":[73,76,61],"product_tag":[],"class_list":{"0":"post-948","1":"product","2":"type-product","3":"status-publish","4":"has-post-thumbnail","6":"product_cat-art-vizual","7":"product_cat-filozofi","8":"product_cat-me-shume-publikime","10":"first","11":"instock","12":"shipping-taxable","13":"purchasable","14":"product-type-simple"},"acf":[],"_links":{"self":[{"href":"https:\/\/shop.kosovotwopointzero.com\/sq\/wp-json\/wp\/v2\/product\/948","targetHints":{"allow":["GET"]}}],"collection":[{"href":"https:\/\/shop.kosovotwopointzero.com\/sq\/wp-json\/wp\/v2\/product"}],"about":[{"href":"https:\/\/shop.kosovotwopointzero.com\/sq\/wp-json\/wp\/v2\/types\/product"}],"wp:featuredmedia":[{"embeddable":true,"href":"https:\/\/shop.kosovotwopointzero.com\/sq\/wp-json\/wp\/v2\/media\/942"}],"wp:attachment":[{"href":"https:\/\/shop.kosovotwopointzero.com\/sq\/wp-json\/wp\/v2\/media?parent=948"}],"wp:term":[{"taxonomy":"product_brand","embeddable":true,"href":"https:\/\/shop.kosovotwopointzero.com\/sq\/wp-json\/wp\/v2\/product_brand?post=948"},{"taxonomy":"product_cat","embeddable":true,"href":"https:\/\/shop.kosovotwopointzero.com\/sq\/wp-json\/wp\/v2\/product_cat?post=948"},{"taxonomy":"product_tag","embeddable":true,"href":"https:\/\/shop.kosovotwopointzero.com\/sq\/wp-json\/wp\/v2\/product_tag?post=948"}],"curies":[{"name":"wp","href":"https:\/\/api.w.org\/{rel}","templated":true}]}}