{"id":789,"date":"2025-10-06T08:50:32","date_gmt":"2025-10-06T08:50:32","guid":{"rendered":"https:\/\/shop.kosovotwopointzero.com\/shop\/uncategorized\/kosovo-in-14-cultural-stories-1\/"},"modified":"2026-01-17T20:20:39","modified_gmt":"2026-01-17T20:20:39","slug":"kosova-ne-14-histori-kulturore-1","status":"publish","type":"product","link":"https:\/\/shop.kosovotwopointzero.com\/sq\/shop\/me-shume-publikime\/kosova-ne-14-histori-kulturore-1\/","title":{"rendered":"Kosova n\u00eb 14 histori kulturore 1"},"content":{"rendered":"","protected":false},"excerpt":{"rendered":"<p>\u201cKosova n\u00eb 14 histori kulturore 1\u201d \u00ebsht\u00eb nj\u00eb p\u00ebrmbledhje tekstesh gazetareske nga Arb\u00ebr Selmani, t\u00eb shkruara nga marsi i vitit 2019 deri gusht t\u00eb vitit 2019.<\/p>\n<p><strong>Gjuha:<\/strong> Shqip<br \/>\n<strong>Viti:<\/strong> 2019<br \/>\n<strong>Kopertina:<\/strong> Hardcover<br \/>\n<strong>Faqet:<\/strong> 144<\/p>\n","protected":false},"featured_media":791,"template":"","meta":{"_acf_changed":false},"product_brand":[],"product_cat":[61],"product_tag":[],"class_list":{"0":"post-789","1":"product","2":"type-product","3":"status-publish","4":"has-post-thumbnail","6":"product_cat-me-shume-publikime","8":"first","9":"instock","10":"shipping-taxable","11":"purchasable","12":"product-type-simple"},"acf":[],"_links":{"self":[{"href":"https:\/\/shop.kosovotwopointzero.com\/sq\/wp-json\/wp\/v2\/product\/789","targetHints":{"allow":["GET"]}}],"collection":[{"href":"https:\/\/shop.kosovotwopointzero.com\/sq\/wp-json\/wp\/v2\/product"}],"about":[{"href":"https:\/\/shop.kosovotwopointzero.com\/sq\/wp-json\/wp\/v2\/types\/product"}],"wp:featuredmedia":[{"embeddable":true,"href":"https:\/\/shop.kosovotwopointzero.com\/sq\/wp-json\/wp\/v2\/media\/791"}],"wp:attachment":[{"href":"https:\/\/shop.kosovotwopointzero.com\/sq\/wp-json\/wp\/v2\/media?parent=789"}],"wp:term":[{"taxonomy":"product_brand","embeddable":true,"href":"https:\/\/shop.kosovotwopointzero.com\/sq\/wp-json\/wp\/v2\/product_brand?post=789"},{"taxonomy":"product_cat","embeddable":true,"href":"https:\/\/shop.kosovotwopointzero.com\/sq\/wp-json\/wp\/v2\/product_cat?post=789"},{"taxonomy":"product_tag","embeddable":true,"href":"https:\/\/shop.kosovotwopointzero.com\/sq\/wp-json\/wp\/v2\/product_tag?post=789"}],"curies":[{"name":"wp","href":"https:\/\/api.w.org\/{rel}","templated":true}]}}