{"id":777,"date":"2025-10-06T08:50:32","date_gmt":"2025-10-06T08:50:32","guid":{"rendered":"https:\/\/shop.kosovotwopointzero.com\/shop\/uncategorized\/biting-the-hand-traces-of-resistance-in-the-art-and-language-diaspora\/"},"modified":"2026-01-17T18:38:15","modified_gmt":"2026-01-17T18:38:15","slug":"biting-the-hand-traces-of-resistance-in-the-art-and-language-diaspora","status":"publish","type":"product","link":"https:\/\/shop.kosovotwopointzero.com\/sq\/shop\/me-shume-publikime\/biting-the-hand-traces-of-resistance-in-the-art-and-language-diaspora\/","title":{"rendered":"Biting the Hand: Traces of resistance in the art and language diaspora"},"content":{"rendered":"","protected":false},"excerpt":{"rendered":"<p>\u201cBiting the Hand\u201d ofron studim t\u00eb thelluar rreth kolektivit artistik britanik \u201cArt &amp; Language\u201d, duke u fokusuar n\u00eb prodhimin e tyre radikal nga fundi i viteve t\u00eb \u201870-a. Kjo periudh\u00eb shihte kolektivin duke prodhuar postera dhe fletushka p\u00ebr nisma t\u00eb ndryshme t\u00eb majta, duke u angazhuar gjithashtu n\u00eb analiz\u00ebn e rrept\u00eb t\u00eb ideologjis\u00eb kulturore dhe politik\u00ebs s\u00eb artit, dizajnit dhe arsimit. N\u00eb vitet e \u201880-a, me rritjen e Thatcherizmit, artist\u00ebt u shp\u00ebrndan\u00eb n\u00eb fusha t\u00eb ndryshme si media, arsim, sindikata dhe sh\u00ebndet\u00ebsi. Libri p\u00ebrb\u00ebhet nga tri pjes\u00eb: nj\u00eb hyrje retrospektive, dhe dy seksione dokumentare t\u00eb shoq\u00ebruara me sh\u00ebnime, t\u00eb cilat paraqesin shembuj t\u00eb pun\u00ebs s\u00eb tyre, si n\u00eb tekst ashtu edhe n\u00eb imazh.<\/p>\n<p><strong>Tirazhi:<\/strong> 600<br \/>\n<strong>Dimensionet:<\/strong> 25 x 17,5 cm<br \/>\n<strong>Kopertina:<\/strong> Softcover<br \/>\n<strong>Faqet:<\/strong> 300 + 60 faqet<br \/>\n<strong>Viti:<\/strong> Prill 2024<br \/>\n<strong>ISBN:<\/strong> 978-952-65183-5-0<br \/>\n<strong>Botuesi:<\/strong> RabRab Press<\/p>\n","protected":false},"featured_media":782,"template":"","meta":{"_acf_changed":false},"product_brand":[],"product_cat":[61],"product_tag":[],"class_list":{"0":"post-777","1":"product","2":"type-product","3":"status-publish","4":"has-post-thumbnail","6":"product_cat-me-shume-publikime","8":"first","9":"instock","10":"shipping-taxable","11":"purchasable","12":"product-type-simple"},"acf":[],"_links":{"self":[{"href":"https:\/\/shop.kosovotwopointzero.com\/sq\/wp-json\/wp\/v2\/product\/777","targetHints":{"allow":["GET"]}}],"collection":[{"href":"https:\/\/shop.kosovotwopointzero.com\/sq\/wp-json\/wp\/v2\/product"}],"about":[{"href":"https:\/\/shop.kosovotwopointzero.com\/sq\/wp-json\/wp\/v2\/types\/product"}],"wp:featuredmedia":[{"embeddable":true,"href":"https:\/\/shop.kosovotwopointzero.com\/sq\/wp-json\/wp\/v2\/media\/782"}],"wp:attachment":[{"href":"https:\/\/shop.kosovotwopointzero.com\/sq\/wp-json\/wp\/v2\/media?parent=777"}],"wp:term":[{"taxonomy":"product_brand","embeddable":true,"href":"https:\/\/shop.kosovotwopointzero.com\/sq\/wp-json\/wp\/v2\/product_brand?post=777"},{"taxonomy":"product_cat","embeddable":true,"href":"https:\/\/shop.kosovotwopointzero.com\/sq\/wp-json\/wp\/v2\/product_cat?post=777"},{"taxonomy":"product_tag","embeddable":true,"href":"https:\/\/shop.kosovotwopointzero.com\/sq\/wp-json\/wp\/v2\/product_tag?post=777"}],"curies":[{"name":"wp","href":"https:\/\/api.w.org\/{rel}","templated":true}]}}