{"id":752,"date":"2025-10-06T08:50:31","date_gmt":"2025-10-06T08:50:31","guid":{"rendered":"https:\/\/shop.kosovotwopointzero.com\/shop\/uncategorized\/bourgeois-with-a-heart\/"},"modified":"2026-01-17T18:50:18","modified_gmt":"2026-01-17T18:50:18","slug":"bourgeois-with-a-heart","status":"publish","type":"product","link":"https:\/\/shop.kosovotwopointzero.com\/sq\/shop\/me-shume-publikime\/filozofi\/bourgeois-with-a-heart\/","title":{"rendered":"Bourgeois with a heart"},"content":{"rendered":"","protected":false},"excerpt":{"rendered":"<p>\u201cBourgeois with a heart\u201d p\u00ebrmban p\u00ebrkthimin e par\u00eb n\u00eb anglisht t\u00eb tekstit kontravers t\u00eb Hjalmar Linder, \u201cEnough with the bloodbaths!\u201d, botuar n\u00eb Hufvudstadsbladet m\u00eb 28 maj 1918. N\u00eb koh\u00ebn e botimit, Linder ishte pronar i pasur finlandez. Megjithat\u00eb, teksti m\u00eb von\u00eb do t\u00eb shkaktonte r\u00ebnien e tij financiare, duke \u00e7uar tragjikisht n\u00eb vdekjen e tij. P\u00ebrve\u00e7 p\u00ebrkthimit t\u00eb tekstit t\u00eb Linder, publikimi p\u00ebrfshin ilustrime me prerje letre nga Minna Henriksson dhe nj\u00eb pasth\u00ebnie nga Helen Korpak.<\/p>\n<p><strong>Dizajn:<\/strong> Ott Kagovere<br \/>\n<strong>Tirazhi:<\/strong> 400<br \/>\n<strong>Dimensionet:<\/strong> 12,5 x 21 cm<br \/>\n<strong>Kopertina:<\/strong> Hardcover<br \/>\n<strong>Viti:<\/strong> Maj 2023<br \/>\n<strong>Faqet:<\/strong> 64<br \/>\n<strong>ISBN:<\/strong> 9-789526-518312<br \/>\n<strong>Botuesi:<\/strong> RabRab Press<\/p>\n","protected":false},"featured_media":754,"template":"","meta":{"_acf_changed":false},"product_brand":[],"product_cat":[76,61],"product_tag":[],"class_list":{"0":"post-752","1":"product","2":"type-product","3":"status-publish","4":"has-post-thumbnail","6":"product_cat-filozofi","7":"product_cat-me-shume-publikime","9":"first","10":"instock","11":"shipping-taxable","12":"purchasable","13":"product-type-simple"},"acf":[],"_links":{"self":[{"href":"https:\/\/shop.kosovotwopointzero.com\/sq\/wp-json\/wp\/v2\/product\/752","targetHints":{"allow":["GET"]}}],"collection":[{"href":"https:\/\/shop.kosovotwopointzero.com\/sq\/wp-json\/wp\/v2\/product"}],"about":[{"href":"https:\/\/shop.kosovotwopointzero.com\/sq\/wp-json\/wp\/v2\/types\/product"}],"wp:featuredmedia":[{"embeddable":true,"href":"https:\/\/shop.kosovotwopointzero.com\/sq\/wp-json\/wp\/v2\/media\/754"}],"wp:attachment":[{"href":"https:\/\/shop.kosovotwopointzero.com\/sq\/wp-json\/wp\/v2\/media?parent=752"}],"wp:term":[{"taxonomy":"product_brand","embeddable":true,"href":"https:\/\/shop.kosovotwopointzero.com\/sq\/wp-json\/wp\/v2\/product_brand?post=752"},{"taxonomy":"product_cat","embeddable":true,"href":"https:\/\/shop.kosovotwopointzero.com\/sq\/wp-json\/wp\/v2\/product_cat?post=752"},{"taxonomy":"product_tag","embeddable":true,"href":"https:\/\/shop.kosovotwopointzero.com\/sq\/wp-json\/wp\/v2\/product_tag?post=752"}],"curies":[{"name":"wp","href":"https:\/\/api.w.org\/{rel}","templated":true}]}}