{"id":739,"date":"2025-10-06T08:50:31","date_gmt":"2025-10-06T08:50:31","guid":{"rendered":"https:\/\/shop.kosovotwopointzero.com\/shop\/uncategorized\/kino-rinia-parallel-voices\/"},"modified":"2026-01-19T14:51:49","modified_gmt":"2026-01-19T14:51:49","slug":"kino-rinia-parallel-voices","status":"publish","type":"product","link":"https:\/\/shop.kosovotwopointzero.com\/sq\/shop\/me-shume-publikime\/art-vizual\/kino-rinia-parallel-voices\/","title":{"rendered":"Kino Rinia &#8211; Parallel Voices"},"content":{"rendered":"","protected":false},"excerpt":{"rendered":"<p>\u201cKino Rinia \u2013 Parallel Voices\u201d \u00ebsht\u00eb nj\u00eb botim n\u00eb dy pjes\u00eb. E para p\u00ebrb\u00ebhet nga tekste t\u00eb porositura q\u00eb trajtojn\u00eb trash\u00ebgimin\u00eb kulturore dhe politike t\u00eb Kino Rinia, duke shtjelluar gjithashtu historin\u00eb publike dhe teorin\u00eb arkitekturore. Pjesa e dyt\u00eb ofron nj\u00eb dokumentim t\u00eb holl\u00ebsish\u00ebm vizual dhe tekstual t\u00eb \u201cParallel Voices\u201d, nj\u00eb nd\u00ebrhyrje artistike e krijuar posa\u00e7\u00ebrisht p\u00ebr hap\u00ebsir\u00ebn e Kino Rinia nga artisti Maksut Vezgishi, q\u00eb u zhvillua m\u00eb 7-9 shtator 2021.<\/p>\n<p><strong>Redaktor:<\/strong> Er\u00ebmir\u00eb Krasniqi<br \/>\n<strong>Autor\u00eb:<\/strong> Sihana Klisurica, Tevfik Rada, Bengi Muzbeg, Arb\u00ebr Sadiki, Rina Geci, Shaban Maxharraj<br \/>\n<strong>Dizajn:<\/strong> Silvia Basso dhe Matteo Bencini<br \/>\n<strong>Kopertina:<\/strong> Hardcover<br \/>\n<strong>Gjuha:<\/strong> Shqip, Anglisht<br \/>\n<strong>Viti:<\/strong> 2023<br \/>\n<strong>Dimensionet:<\/strong> 20 cm<br \/>\n<strong>Faqet:<\/strong> 194<br \/>\n<strong>ISBN:<\/strong> 9789951899925<br \/>\n<strong>Botuesi:<\/strong> Foundation 17<\/p>\n","protected":false},"featured_media":741,"template":"","meta":{"_acf_changed":false},"product_brand":[],"product_cat":[73,78,61],"product_tag":[],"class_list":{"0":"post-739","1":"product","2":"type-product","3":"status-publish","4":"has-post-thumbnail","6":"product_cat-art-vizual","7":"product_cat-hapesira-publike","8":"product_cat-me-shume-publikime","10":"first","11":"instock","12":"shipping-taxable","13":"purchasable","14":"product-type-simple"},"acf":[],"_links":{"self":[{"href":"https:\/\/shop.kosovotwopointzero.com\/sq\/wp-json\/wp\/v2\/product\/739","targetHints":{"allow":["GET"]}}],"collection":[{"href":"https:\/\/shop.kosovotwopointzero.com\/sq\/wp-json\/wp\/v2\/product"}],"about":[{"href":"https:\/\/shop.kosovotwopointzero.com\/sq\/wp-json\/wp\/v2\/types\/product"}],"wp:featuredmedia":[{"embeddable":true,"href":"https:\/\/shop.kosovotwopointzero.com\/sq\/wp-json\/wp\/v2\/media\/741"}],"wp:attachment":[{"href":"https:\/\/shop.kosovotwopointzero.com\/sq\/wp-json\/wp\/v2\/media?parent=739"}],"wp:term":[{"taxonomy":"product_brand","embeddable":true,"href":"https:\/\/shop.kosovotwopointzero.com\/sq\/wp-json\/wp\/v2\/product_brand?post=739"},{"taxonomy":"product_cat","embeddable":true,"href":"https:\/\/shop.kosovotwopointzero.com\/sq\/wp-json\/wp\/v2\/product_cat?post=739"},{"taxonomy":"product_tag","embeddable":true,"href":"https:\/\/shop.kosovotwopointzero.com\/sq\/wp-json\/wp\/v2\/product_tag?post=739"}],"curies":[{"name":"wp","href":"https:\/\/api.w.org\/{rel}","templated":true}]}}