{"id":721,"date":"2025-10-06T08:50:31","date_gmt":"2025-10-06T08:50:31","guid":{"rendered":"https:\/\/shop.kosovotwopointzero.com\/shop\/uncategorized\/karl-marx-in-karlsbad-e-e-kisch\/"},"modified":"2026-01-17T20:11:54","modified_gmt":"2026-01-17T20:11:54","slug":"karl-marx-in-karlsbad-e-e-kisch","status":"publish","type":"product","link":"https:\/\/shop.kosovotwopointzero.com\/sq\/shop\/me-shume-publikime\/filozofi\/karl-marx-in-karlsbad-e-e-kisch\/","title":{"rendered":"Karl Marx in Karlsbad &#8211; E.E. Kisch"},"content":{"rendered":"","protected":false},"excerpt":{"rendered":"<p>Rikthimi i Karl Marx n\u00eb Karlsbad, e rrethuar nga princa, ministra, aristokrat\u00eb, k\u00ebng\u00ebtar\u00eb dhome, aventurier\u00eb, spiun\u00eb dhe kurtezane, \u00ebsht\u00eb nj\u00eb histori plot anekdota t\u00eb k\u00ebndshme dhe surpriza. Teksti i Egon Erwin Kisch i vitit 1946, \u201cKarl Marx in Karlsbad\u201d, rind\u00ebrton koh\u00ebn e q\u00ebndrimit t\u00eb tij atje. P\u00ebrkthyer n\u00eb anglisht p\u00ebr her\u00eb t\u00eb par\u00eb, eseja prezantohet nga Sezgin Boynik, me nj\u00eb pasth\u00ebnie nga Sam Dolbear dhe Hannah Proctor.<\/p>\n<p><strong>Redaktor:<\/strong> Sezgin Boynik<br \/>\n<strong>Autor\u00eb:<\/strong> Egon Erwin Kisch, Sam Dolbear dhe Hannah Proctor<br \/>\n<strong>Kopertina:<\/strong> Softcover<br \/>\n<strong>Viti:<\/strong> Maj 2025<br \/>\n<strong>ISBN:<\/strong> 978-952-65646-3-0<br \/>\n<strong>Faqet:<\/strong> 80<br \/>\n<strong>Botuesi:<\/strong> RabRab Press<\/p>\n","protected":false},"featured_media":549,"template":"","meta":{"_acf_changed":false},"product_brand":[],"product_cat":[76,61],"product_tag":[],"class_list":{"0":"post-721","1":"product","2":"type-product","3":"status-publish","4":"has-post-thumbnail","6":"product_cat-filozofi","7":"product_cat-me-shume-publikime","9":"first","10":"instock","11":"shipping-taxable","12":"purchasable","13":"product-type-simple"},"acf":[],"_links":{"self":[{"href":"https:\/\/shop.kosovotwopointzero.com\/sq\/wp-json\/wp\/v2\/product\/721","targetHints":{"allow":["GET"]}}],"collection":[{"href":"https:\/\/shop.kosovotwopointzero.com\/sq\/wp-json\/wp\/v2\/product"}],"about":[{"href":"https:\/\/shop.kosovotwopointzero.com\/sq\/wp-json\/wp\/v2\/types\/product"}],"wp:featuredmedia":[{"embeddable":true,"href":"https:\/\/shop.kosovotwopointzero.com\/sq\/wp-json\/wp\/v2\/media\/549"}],"wp:attachment":[{"href":"https:\/\/shop.kosovotwopointzero.com\/sq\/wp-json\/wp\/v2\/media?parent=721"}],"wp:term":[{"taxonomy":"product_brand","embeddable":true,"href":"https:\/\/shop.kosovotwopointzero.com\/sq\/wp-json\/wp\/v2\/product_brand?post=721"},{"taxonomy":"product_cat","embeddable":true,"href":"https:\/\/shop.kosovotwopointzero.com\/sq\/wp-json\/wp\/v2\/product_cat?post=721"},{"taxonomy":"product_tag","embeddable":true,"href":"https:\/\/shop.kosovotwopointzero.com\/sq\/wp-json\/wp\/v2\/product_tag?post=721"}],"curies":[{"name":"wp","href":"https:\/\/api.w.org\/{rel}","templated":true}]}}