{"id":700,"date":"2025-10-06T08:50:31","date_gmt":"2025-10-06T08:50:31","guid":{"rendered":"https:\/\/shop.kosovotwopointzero.com\/shop\/uncategorized\/fake-star\/"},"modified":"2026-01-17T19:23:36","modified_gmt":"2026-01-17T19:23:36","slug":"fake-star","status":"publish","type":"product","link":"https:\/\/shop.kosovotwopointzero.com\/sq\/shop\/me-shume-publikime\/art-vizual\/fake-star\/","title":{"rendered":"Fake Star"},"content":{"rendered":"","protected":false},"excerpt":{"rendered":"<p>Pjes\u00ebrisht lib\u00ebr p\u00ebr f\u00ebmij\u00eb, pjes\u00ebrisht katalog ekspozite, \u201cFake Star\u201d ndjek nj\u00eb kopje gipsi t\u00eb nj\u00eb meteori t\u00eb ekspozuar n\u00eb pavionin finlandez gjat\u00eb Ekspozit\u00ebs Bot\u00ebrore t\u00eb Parisit n\u00eb vitin 1900. Duke shtjelluar prapavin\u00eb e ekspozit\u00ebs, libri prek shtetin e ri komb\u00ebtar t\u00eb Finland\u00ebs dhe logjik\u00ebn kolonialiste t\u00eb Panaireve Bot\u00ebrore. \u00cbsht\u00eb nj\u00eb histori p\u00ebr f\u00ebmij\u00eb dhe t\u00eb rritur q\u00eb tregon takimin mes Mbretit Oscar II t\u00eb Suedis\u00eb dhe p\u00ebrfaq\u00ebsuesit rus n\u00eb pavijonin finlandez, Princi Tenisheff.<\/p>\n<p><strong>Kopertina:<\/strong> Hardcover<br \/>\n<strong>Viti:<\/strong> N\u00ebntor 2021<br \/>\n<strong>ISBN:<\/strong> 978-952-94-1138-2<br \/>\n<strong>Dimensionet<\/strong>: 21.2 x 27.9 cm<br \/>\n<strong>Faqet:<\/strong> 58<br \/>\n<strong>Botuesi:<\/strong> RabRab Press<\/p>\n","protected":false},"featured_media":702,"template":"","meta":{"_acf_changed":false},"product_brand":[],"product_cat":[73,61],"product_tag":[],"class_list":{"0":"post-700","1":"product","2":"type-product","3":"status-publish","4":"has-post-thumbnail","6":"product_cat-art-vizual","7":"product_cat-me-shume-publikime","9":"first","10":"instock","11":"shipping-taxable","12":"purchasable","13":"product-type-simple"},"acf":[],"_links":{"self":[{"href":"https:\/\/shop.kosovotwopointzero.com\/sq\/wp-json\/wp\/v2\/product\/700","targetHints":{"allow":["GET"]}}],"collection":[{"href":"https:\/\/shop.kosovotwopointzero.com\/sq\/wp-json\/wp\/v2\/product"}],"about":[{"href":"https:\/\/shop.kosovotwopointzero.com\/sq\/wp-json\/wp\/v2\/types\/product"}],"wp:featuredmedia":[{"embeddable":true,"href":"https:\/\/shop.kosovotwopointzero.com\/sq\/wp-json\/wp\/v2\/media\/702"}],"wp:attachment":[{"href":"https:\/\/shop.kosovotwopointzero.com\/sq\/wp-json\/wp\/v2\/media?parent=700"}],"wp:term":[{"taxonomy":"product_brand","embeddable":true,"href":"https:\/\/shop.kosovotwopointzero.com\/sq\/wp-json\/wp\/v2\/product_brand?post=700"},{"taxonomy":"product_cat","embeddable":true,"href":"https:\/\/shop.kosovotwopointzero.com\/sq\/wp-json\/wp\/v2\/product_cat?post=700"},{"taxonomy":"product_tag","embeddable":true,"href":"https:\/\/shop.kosovotwopointzero.com\/sq\/wp-json\/wp\/v2\/product_tag?post=700"}],"curies":[{"name":"wp","href":"https:\/\/api.w.org\/{rel}","templated":true}]}}