{"id":684,"date":"2025-10-06T08:50:31","date_gmt":"2025-10-06T08:50:31","guid":{"rendered":"https:\/\/shop.kosovotwopointzero.com\/shop\/uncategorized\/qysh-me-abortu-dreqin-how-the-hell-do-i-abort-a-demon\/"},"modified":"2026-01-17T20:04:55","modified_gmt":"2026-01-17T20:04:55","slug":"qysh-me-abortu-dreqin","status":"publish","type":"product","link":"https:\/\/shop.kosovotwopointzero.com\/sq\/shop\/me-shume-publikime\/poezi\/qysh-me-abortu-dreqin\/","title":{"rendered":"Qysh me abortu dreqin"},"content":{"rendered":"","protected":false},"excerpt":{"rendered":"<p>\u201cQysh me abortu dreqin \/ How the hell do I abort a demon\u201d \u00ebsht\u00eb nj\u00eb p\u00ebrmbledhje poezish nga Uresa Ahmeti, aktiviste, shkrimtare dhe artiste performuese. Botimi shtejllon temat e vet\u00ebdyshimit, pritshm\u00ebrive shoq\u00ebrore dhe q\u00ebndrueshm\u00ebris\u00eb s\u00eb identiteteve t\u00eb margjinalizuara.<\/p>\n<p><strong>Kopertina:<\/strong> Paperback<br \/>\n<strong>Gjuha:<\/strong> Botim i p\u00ebrbashk\u00ebt n\u00eb shqip dhe anglisht<br \/>\n<strong>ISBN:<\/strong> 978-9951-632-69-0<br \/>\n<strong>Viti:<\/strong> 2021<br \/>\n<strong>Dimensionet:<\/strong> 21 cm<br \/>\n<strong>Faqet:<\/strong> 142<\/p>\n","protected":false},"featured_media":685,"template":"","meta":{"_acf_changed":false},"product_brand":[],"product_cat":[74,61],"product_tag":[],"class_list":{"0":"post-684","1":"product","2":"type-product","3":"status-publish","4":"has-post-thumbnail","6":"product_cat-poezi","7":"product_cat-me-shume-publikime","9":"first","10":"instock","11":"shipping-taxable","12":"purchasable","13":"product-type-simple"},"acf":[],"_links":{"self":[{"href":"https:\/\/shop.kosovotwopointzero.com\/sq\/wp-json\/wp\/v2\/product\/684","targetHints":{"allow":["GET"]}}],"collection":[{"href":"https:\/\/shop.kosovotwopointzero.com\/sq\/wp-json\/wp\/v2\/product"}],"about":[{"href":"https:\/\/shop.kosovotwopointzero.com\/sq\/wp-json\/wp\/v2\/types\/product"}],"wp:featuredmedia":[{"embeddable":true,"href":"https:\/\/shop.kosovotwopointzero.com\/sq\/wp-json\/wp\/v2\/media\/685"}],"wp:attachment":[{"href":"https:\/\/shop.kosovotwopointzero.com\/sq\/wp-json\/wp\/v2\/media?parent=684"}],"wp:term":[{"taxonomy":"product_brand","embeddable":true,"href":"https:\/\/shop.kosovotwopointzero.com\/sq\/wp-json\/wp\/v2\/product_brand?post=684"},{"taxonomy":"product_cat","embeddable":true,"href":"https:\/\/shop.kosovotwopointzero.com\/sq\/wp-json\/wp\/v2\/product_cat?post=684"},{"taxonomy":"product_tag","embeddable":true,"href":"https:\/\/shop.kosovotwopointzero.com\/sq\/wp-json\/wp\/v2\/product_tag?post=684"}],"curies":[{"name":"wp","href":"https:\/\/api.w.org\/{rel}","templated":true}]}}