{"id":655,"date":"2025-10-06T08:50:30","date_gmt":"2025-10-06T08:50:30","guid":{"rendered":"https:\/\/shop.kosovotwopointzero.com\/shop\/uncategorized\/ministry-for-nature\/"},"modified":"2026-01-17T20:47:36","modified_gmt":"2026-01-17T20:47:36","slug":"ministry-for-nature","status":"publish","type":"product","link":"https:\/\/shop.kosovotwopointzero.com\/sq\/shop\/me-shume-publikime\/mjedisi\/ministry-for-nature\/","title":{"rendered":"Ministry for Nature"},"content":{"rendered":"","protected":false},"excerpt":{"rendered":"<p>\u201cMinistry for Nature\u201d \u00ebsht\u00eb nj\u00eb punim eksperimental i trillimit vizual dhe spekulativ q\u00eb imagjinon nj\u00eb bot\u00eb ku natyra ka p\u00ebrpar\u00ebsi. E zhvilluar p\u00ebrmes k\u00ebrkimeve, p\u00ebrfshir\u00eb intervistave, pun\u00ebtorive dhe vizitave n\u00eb terren, libri \u00ebsht\u00eb nj\u00eb p\u00ebrmbledhje e materialeve t\u00eb mbledhura nga komunitetet n\u00eb vij\u00ebn e par\u00eb t\u00eb ndryshimeve klimatike n\u00eb Evrop\u00ebn Jugore.<\/p>\n<p><strong>Kopertina:<\/strong> Paperback<br \/>\n<strong>ISBN:<\/strong> 9786084838142<br \/>\n<strong>Viti:<\/strong> 2024<br \/>\n<strong>Gjuha:<\/strong> Anglisht<br \/>\n<strong>Dimensionet:<\/strong> 21 x 16 cm<br \/>\n<strong>Faqet:<\/strong> 280<br \/>\n<strong>Botuesi:<\/strong> Private Print<\/p>\n","protected":false},"featured_media":673,"template":"","meta":{"_acf_changed":false},"product_brand":[],"product_cat":[72,61],"product_tag":[],"class_list":{"0":"post-655","1":"product","2":"type-product","3":"status-publish","4":"has-post-thumbnail","6":"product_cat-mjedisi","7":"product_cat-me-shume-publikime","9":"first","10":"instock","11":"shipping-taxable","12":"purchasable","13":"product-type-simple"},"acf":[],"_links":{"self":[{"href":"https:\/\/shop.kosovotwopointzero.com\/sq\/wp-json\/wp\/v2\/product\/655","targetHints":{"allow":["GET"]}}],"collection":[{"href":"https:\/\/shop.kosovotwopointzero.com\/sq\/wp-json\/wp\/v2\/product"}],"about":[{"href":"https:\/\/shop.kosovotwopointzero.com\/sq\/wp-json\/wp\/v2\/types\/product"}],"wp:featuredmedia":[{"embeddable":true,"href":"https:\/\/shop.kosovotwopointzero.com\/sq\/wp-json\/wp\/v2\/media\/673"}],"wp:attachment":[{"href":"https:\/\/shop.kosovotwopointzero.com\/sq\/wp-json\/wp\/v2\/media?parent=655"}],"wp:term":[{"taxonomy":"product_brand","embeddable":true,"href":"https:\/\/shop.kosovotwopointzero.com\/sq\/wp-json\/wp\/v2\/product_brand?post=655"},{"taxonomy":"product_cat","embeddable":true,"href":"https:\/\/shop.kosovotwopointzero.com\/sq\/wp-json\/wp\/v2\/product_cat?post=655"},{"taxonomy":"product_tag","embeddable":true,"href":"https:\/\/shop.kosovotwopointzero.com\/sq\/wp-json\/wp\/v2\/product_tag?post=655"}],"curies":[{"name":"wp","href":"https:\/\/api.w.org\/{rel}","templated":true}]}}