{"id":597,"date":"2025-10-06T08:50:30","date_gmt":"2025-10-06T08:50:30","guid":{"rendered":"https:\/\/shop.kosovotwopointzero.com\/shop\/uncategorized\/hani-i-2-roberteve\/"},"modified":"2026-01-17T19:58:43","modified_gmt":"2026-01-17T19:58:43","slug":"hani-i-2-roberteve","status":"publish","type":"product","link":"https:\/\/shop.kosovotwopointzero.com\/sq\/shop\/me-shume-publikime\/histori-kosova-pertej\/hani-i-2-roberteve\/","title":{"rendered":"Hani i 2 Robert\u00ebve"},"content":{"rendered":"","protected":false},"excerpt":{"rendered":"<p>Hani i 2 Robert\u00ebve \u00ebsht\u00eb nj\u00eb kafene, galeri arti dhe qend\u00ebr kulturore n\u00eb Prishtin\u00eb. I themeluar n\u00eb vitin 1989, kjo hap\u00ebsir\u00eb u b\u00eb qend\u00ebr e jet\u00ebs kulturore dhe politike paralele n\u00eb Kosov\u00eb gjat\u00eb viteve t\u00eb \u201890-a, ku fillimisht ndodhej n\u00eb lagjen \u201cte Kurrizi\u201d dhe m\u00eb pas u zhvendos te Santeja. Me nism\u00ebn nga Merita dhe Fadil Dragaj, hap\u00ebsira u zhvillua n\u00eb nj\u00eb oaz urbane kulturore, duke t\u00ebrhequr jo vet\u00ebm artist\u00eb, por edhe intelektual\u00eb, aktivist\u00eb dhe gazetar\u00eb. Ky botim gjurmon historin\u00eb e saj, duke u mb\u00ebshtetur n\u00eb materiale arkivore, d\u00ebshmi dhe intervista.<\/p>\n<p><strong>Kopertina<\/strong>: Hardcover<br \/>\n<strong>ISBN<\/strong>: 978-9951-9008-0-5<br \/>\n<strong>Viti<\/strong>: Korrik 2020<br \/>\n<strong>Gjuha<\/strong>: Botim i p\u00ebrbashk\u00ebt n\u00eb anglisht dhe shqip<br \/>\n<strong>Dimensionet<\/strong>: 32 cm<br \/>\n<strong>Faqet<\/strong>: 304<br \/>\n<strong>Botuesi<\/strong>: Hani i 2 Robert\u00ebve, Missio Cult<\/p>\n","protected":false},"featured_media":599,"template":"","meta":{"_acf_changed":false},"product_brand":[],"product_cat":[80,61],"product_tag":[],"class_list":{"0":"post-597","1":"product","2":"type-product","3":"status-publish","4":"has-post-thumbnail","6":"product_cat-histori-kosova-pertej","7":"product_cat-me-shume-publikime","9":"first","10":"instock","11":"shipping-taxable","12":"purchasable","13":"product-type-simple"},"acf":[],"_links":{"self":[{"href":"https:\/\/shop.kosovotwopointzero.com\/sq\/wp-json\/wp\/v2\/product\/597","targetHints":{"allow":["GET"]}}],"collection":[{"href":"https:\/\/shop.kosovotwopointzero.com\/sq\/wp-json\/wp\/v2\/product"}],"about":[{"href":"https:\/\/shop.kosovotwopointzero.com\/sq\/wp-json\/wp\/v2\/types\/product"}],"wp:featuredmedia":[{"embeddable":true,"href":"https:\/\/shop.kosovotwopointzero.com\/sq\/wp-json\/wp\/v2\/media\/599"}],"wp:attachment":[{"href":"https:\/\/shop.kosovotwopointzero.com\/sq\/wp-json\/wp\/v2\/media?parent=597"}],"wp:term":[{"taxonomy":"product_brand","embeddable":true,"href":"https:\/\/shop.kosovotwopointzero.com\/sq\/wp-json\/wp\/v2\/product_brand?post=597"},{"taxonomy":"product_cat","embeddable":true,"href":"https:\/\/shop.kosovotwopointzero.com\/sq\/wp-json\/wp\/v2\/product_cat?post=597"},{"taxonomy":"product_tag","embeddable":true,"href":"https:\/\/shop.kosovotwopointzero.com\/sq\/wp-json\/wp\/v2\/product_tag?post=597"}],"curies":[{"name":"wp","href":"https:\/\/api.w.org\/{rel}","templated":true}]}}