{"id":480,"date":"2025-10-06T08:50:34","date_gmt":"2025-10-06T08:50:34","guid":{"rendered":"https:\/\/shop.kosovotwopointzero.com\/product\/melankolia-e-tokave-te-braktisura\/"},"modified":"2026-01-17T20:41:46","modified_gmt":"2026-01-17T20:41:46","slug":"melancholy-of-the-abandoned-lands","status":"publish","type":"product","link":"https:\/\/shop.kosovotwopointzero.com\/sq\/shop\/me-shume-publikime\/art-vizual\/melancholy-of-the-abandoned-lands\/","title":{"rendered":"Melancholy of the Abandoned Lands"},"content":{"rendered":"","protected":false},"excerpt":{"rendered":"<p>\u201cMelancholy of the Abandoned Lands\u201d nga artistja Nevena Aleksovski \u00ebsht\u00eb nj\u00eb rr\u00ebfim vizual i nd\u00ebrtuar p\u00ebrmes vizatimeve dhe fotografive t\u00eb gjetura dhe t\u00eb marra nga albumet familjare t\u00eb Aleksovskit. Libri nd\u00ebrtohet mbi interesat e hershme dhe t\u00eb vazhdueshme t\u00eb artistes: gjeografit\u00eb e form\u00ebsuara nga historia personale. Duke u fokusuar te temat e identitetit dhe largimit\/t\u00ebhuaj\u00ebsimit, \u201cMelancholy of the Abandoned Lands\u201d ndjek migrimin e familjes s\u00eb Aleksovskit n\u00ebp\u00ebr Ballkan.<\/p>\n<p><strong>Gjuha:<\/strong> Anglisht<br \/>\n<strong>Viti:<\/strong> 2022<br \/>\n<strong>Dimensionet:<\/strong> 21.7 x 16.8 cm<br \/>\n<strong>Faqet:<\/strong> 88<br \/>\n<strong>Kopertina:<\/strong> Softcover<br \/>\n<strong>ISBN:<\/strong> 9786084838104<\/p>\n","protected":false},"featured_media":893,"template":"","meta":{"_acf_changed":false},"product_brand":[],"product_cat":[73,77,61],"product_tag":[],"class_list":{"0":"post-480","1":"product","2":"type-product","3":"status-publish","4":"has-post-thumbnail","6":"product_cat-art-vizual","7":"product_cat-fotografi","8":"product_cat-me-shume-publikime","10":"first","11":"instock","12":"shipping-taxable","13":"purchasable","14":"product-type-simple"},"acf":[],"_links":{"self":[{"href":"https:\/\/shop.kosovotwopointzero.com\/sq\/wp-json\/wp\/v2\/product\/480","targetHints":{"allow":["GET"]}}],"collection":[{"href":"https:\/\/shop.kosovotwopointzero.com\/sq\/wp-json\/wp\/v2\/product"}],"about":[{"href":"https:\/\/shop.kosovotwopointzero.com\/sq\/wp-json\/wp\/v2\/types\/product"}],"wp:featuredmedia":[{"embeddable":true,"href":"https:\/\/shop.kosovotwopointzero.com\/sq\/wp-json\/wp\/v2\/media\/893"}],"wp:attachment":[{"href":"https:\/\/shop.kosovotwopointzero.com\/sq\/wp-json\/wp\/v2\/media?parent=480"}],"wp:term":[{"taxonomy":"product_brand","embeddable":true,"href":"https:\/\/shop.kosovotwopointzero.com\/sq\/wp-json\/wp\/v2\/product_brand?post=480"},{"taxonomy":"product_cat","embeddable":true,"href":"https:\/\/shop.kosovotwopointzero.com\/sq\/wp-json\/wp\/v2\/product_cat?post=480"},{"taxonomy":"product_tag","embeddable":true,"href":"https:\/\/shop.kosovotwopointzero.com\/sq\/wp-json\/wp\/v2\/product_tag?post=480"}],"curies":[{"name":"wp","href":"https:\/\/api.w.org\/{rel}","templated":true}]}}