{"id":479,"date":"2025-10-06T08:50:34","date_gmt":"2025-10-06T08:50:34","guid":{"rendered":"https:\/\/shop.kosovotwopointzero.com\/product\/ne-rritje\/"},"modified":"2026-01-17T19:54:22","modified_gmt":"2026-01-17T19:54:22","slug":"growing","status":"publish","type":"product","link":"https:\/\/shop.kosovotwopointzero.com\/sq\/shop\/me-shume-publikime\/art-vizual\/growing\/","title":{"rendered":"Growing"},"content":{"rendered":"","protected":false},"excerpt":{"rendered":"<p>\u201cGrowing\u201d \u00ebsht\u00eb nj\u00eb studim vizual nga artisti maqedonas Darko Aleksovski. Libri p\u00ebrb\u00ebhet nga vizatime dhe tekste q\u00eb shtjellojn\u00eb konceptin e rritjes p\u00ebrmes bim\u00ebve dhe kopshteve.<\/p>\n<p><strong>Gjuha:<\/strong> Anglisht<br \/>\n<strong>Viti:<\/strong> 2016<br \/>\n<strong>Dimensionet:<\/strong> 21 x 14.8 cm<br \/>\n<strong>Faqet:<\/strong> 180<br \/>\n<strong>Kopertina:<\/strong> Softcover<br \/>\n<strong>ISBN:<\/strong> 9786086521233<\/p>\n","protected":false},"featured_media":904,"template":"","meta":{"_acf_changed":false},"product_brand":[],"product_cat":[73,72,61],"product_tag":[],"class_list":{"0":"post-479","1":"product","2":"type-product","3":"status-publish","4":"has-post-thumbnail","6":"product_cat-art-vizual","7":"product_cat-mjedisi","8":"product_cat-me-shume-publikime","10":"first","11":"instock","12":"shipping-taxable","13":"purchasable","14":"product-type-simple"},"acf":[],"_links":{"self":[{"href":"https:\/\/shop.kosovotwopointzero.com\/sq\/wp-json\/wp\/v2\/product\/479","targetHints":{"allow":["GET"]}}],"collection":[{"href":"https:\/\/shop.kosovotwopointzero.com\/sq\/wp-json\/wp\/v2\/product"}],"about":[{"href":"https:\/\/shop.kosovotwopointzero.com\/sq\/wp-json\/wp\/v2\/types\/product"}],"wp:featuredmedia":[{"embeddable":true,"href":"https:\/\/shop.kosovotwopointzero.com\/sq\/wp-json\/wp\/v2\/media\/904"}],"wp:attachment":[{"href":"https:\/\/shop.kosovotwopointzero.com\/sq\/wp-json\/wp\/v2\/media?parent=479"}],"wp:term":[{"taxonomy":"product_brand","embeddable":true,"href":"https:\/\/shop.kosovotwopointzero.com\/sq\/wp-json\/wp\/v2\/product_brand?post=479"},{"taxonomy":"product_cat","embeddable":true,"href":"https:\/\/shop.kosovotwopointzero.com\/sq\/wp-json\/wp\/v2\/product_cat?post=479"},{"taxonomy":"product_tag","embeddable":true,"href":"https:\/\/shop.kosovotwopointzero.com\/sq\/wp-json\/wp\/v2\/product_tag?post=479"}],"curies":[{"name":"wp","href":"https:\/\/api.w.org\/{rel}","templated":true}]}}