{"id":477,"date":"2025-10-06T08:50:35","date_gmt":"2025-10-06T08:50:35","guid":{"rendered":"https:\/\/shop.kosovotwopointzero.com\/product\/lumbardhi-nje-histori-episodike\/"},"modified":"2026-02-04T15:43:34","modified_gmt":"2026-02-04T15:43:34","slug":"lumbardhi-nje-histori-episodike","status":"publish","type":"product","link":"https:\/\/shop.kosovotwopointzero.com\/sq\/shop\/me-shume-publikime\/hapesira-publike\/lumbardhi-nje-histori-episodike\/","title":{"rendered":"Lumbardhi: Nj\u00eb Histori Episodike"},"content":{"rendered":"","protected":false},"excerpt":{"rendered":"<p>Duke u bazuar kryesisht n\u00eb materiale arkivore t\u00eb gazet\u00ebs \u201cRilindja\u201d, ky botim paraqet kineman\u00eb Lumbardhi n\u00eb Prizren si nj\u00eb organiz\u00ebm transformues dhe t\u00eb gjall\u00eb.<\/p>\n<p>Libri ofron nj\u00eb rr\u00ebfim t\u00eb hapur t\u00eb historis\u00eb s\u00eb kinemas\u00eb dhe rr\u00ebfimit t\u00eb vazhduesh\u00ebm t\u00eb saj, duke ndjekur trajektoren nga viti 1952 deri n\u00eb dit\u00ebt e sotme.<\/p>\n<p><strong>Gjuha:<\/strong> Edicioni i vet\u00ebm n\u00eb anglisht dhe shqip<br \/>\n<strong>Viti:<\/strong> 2022<br \/>\n<strong>Faqet:<\/strong> 210<br \/>\n<strong>ISBN:<\/strong> 978-9951-9063-1-9<\/p>\n","protected":false},"featured_media":915,"template":"","meta":{"_acf_changed":false},"product_brand":[],"product_cat":[78,80,61,69],"product_tag":[],"class_list":{"0":"post-477","1":"product","2":"type-product","3":"status-publish","4":"has-post-thumbnail","6":"product_cat-hapesira-publike","7":"product_cat-histori-kosova-pertej","8":"product_cat-me-shume-publikime","9":"product_cat-kinema","11":"first","12":"instock","13":"shipping-taxable","14":"purchasable","15":"product-type-simple"},"acf":[],"_links":{"self":[{"href":"https:\/\/shop.kosovotwopointzero.com\/sq\/wp-json\/wp\/v2\/product\/477","targetHints":{"allow":["GET"]}}],"collection":[{"href":"https:\/\/shop.kosovotwopointzero.com\/sq\/wp-json\/wp\/v2\/product"}],"about":[{"href":"https:\/\/shop.kosovotwopointzero.com\/sq\/wp-json\/wp\/v2\/types\/product"}],"wp:featuredmedia":[{"embeddable":true,"href":"https:\/\/shop.kosovotwopointzero.com\/sq\/wp-json\/wp\/v2\/media\/915"}],"wp:attachment":[{"href":"https:\/\/shop.kosovotwopointzero.com\/sq\/wp-json\/wp\/v2\/media?parent=477"}],"wp:term":[{"taxonomy":"product_brand","embeddable":true,"href":"https:\/\/shop.kosovotwopointzero.com\/sq\/wp-json\/wp\/v2\/product_brand?post=477"},{"taxonomy":"product_cat","embeddable":true,"href":"https:\/\/shop.kosovotwopointzero.com\/sq\/wp-json\/wp\/v2\/product_cat?post=477"},{"taxonomy":"product_tag","embeddable":true,"href":"https:\/\/shop.kosovotwopointzero.com\/sq\/wp-json\/wp\/v2\/product_tag?post=477"}],"curies":[{"name":"wp","href":"https:\/\/api.w.org\/{rel}","templated":true}]}}