{"id":475,"date":"2025-10-06T08:50:33","date_gmt":"2025-10-06T08:50:33","guid":{"rendered":"https:\/\/shop.kosovotwopointzero.com\/product\/kosova-ne-14-histori-kulturore-2\/"},"modified":"2026-01-17T20:22:57","modified_gmt":"2026-01-17T20:22:57","slug":"kosova-ne-14-histori-kulturore-2","status":"publish","type":"product","link":"https:\/\/shop.kosovotwopointzero.com\/sq\/shop\/me-shume-publikime\/kosova-ne-14-histori-kulturore-2\/","title":{"rendered":"Kosova n\u00eb 14 histori kulturore 2"},"content":{"rendered":"","protected":false},"excerpt":{"rendered":"<p>\u201cKosova n\u00eb 14 histori kulturore 2\u201d \u00ebsht\u00eb nj\u00eb p\u00ebrmbledhje tekstesh gazetareske nga Arb\u00ebr Selmani mbi artin dhe kultur\u00ebn n\u00eb Kosov\u00eb, t\u00eb shkruara midis qershorit 2020 dhe janarit 2021.<\/p>\n<p><strong>Kopertina:<\/strong> Hardcover<br \/>\n<strong>Viti:<\/strong> 2022<br \/>\n<strong>Faqet:<\/strong> 139<br \/>\n<strong>Gjuha:<\/strong> Shqip<\/p>\n","protected":false},"featured_media":800,"template":"","meta":{"_acf_changed":false},"product_brand":[],"product_cat":[61],"product_tag":[],"class_list":{"0":"post-475","1":"product","2":"type-product","3":"status-publish","4":"has-post-thumbnail","6":"product_cat-me-shume-publikime","8":"first","9":"instock","10":"shipping-taxable","11":"purchasable","12":"product-type-simple"},"acf":[],"_links":{"self":[{"href":"https:\/\/shop.kosovotwopointzero.com\/sq\/wp-json\/wp\/v2\/product\/475","targetHints":{"allow":["GET"]}}],"collection":[{"href":"https:\/\/shop.kosovotwopointzero.com\/sq\/wp-json\/wp\/v2\/product"}],"about":[{"href":"https:\/\/shop.kosovotwopointzero.com\/sq\/wp-json\/wp\/v2\/types\/product"}],"wp:featuredmedia":[{"embeddable":true,"href":"https:\/\/shop.kosovotwopointzero.com\/sq\/wp-json\/wp\/v2\/media\/800"}],"wp:attachment":[{"href":"https:\/\/shop.kosovotwopointzero.com\/sq\/wp-json\/wp\/v2\/media?parent=475"}],"wp:term":[{"taxonomy":"product_brand","embeddable":true,"href":"https:\/\/shop.kosovotwopointzero.com\/sq\/wp-json\/wp\/v2\/product_brand?post=475"},{"taxonomy":"product_cat","embeddable":true,"href":"https:\/\/shop.kosovotwopointzero.com\/sq\/wp-json\/wp\/v2\/product_cat?post=475"},{"taxonomy":"product_tag","embeddable":true,"href":"https:\/\/shop.kosovotwopointzero.com\/sq\/wp-json\/wp\/v2\/product_tag?post=475"}],"curies":[{"name":"wp","href":"https:\/\/api.w.org\/{rel}","templated":true}]}}