{"id":474,"date":"2025-10-06T08:50:34","date_gmt":"2025-10-06T08:50:34","guid":{"rendered":"https:\/\/shop.kosovotwopointzero.com\/product\/free-jazz-komunizem-edicion-argjendi\/"},"modified":"2026-02-04T14:57:03","modified_gmt":"2026-02-04T14:57:03","slug":"free-jazz-communism-silver-edition","status":"publish","type":"product","link":"https:\/\/shop.kosovotwopointzero.com\/sq\/shop\/me-shume-publikime\/filozofi\/free-jazz-communism-silver-edition\/","title":{"rendered":"Free Jazz Communism (Silver Edition)"},"content":{"rendered":"","protected":false},"excerpt":{"rendered":"<p>\u201cFree Jazz Communism\u201d bazohet n\u00eb koncertin e Archie Shepp\u2013Bill Dixon Quartet n\u00eb Festivalin e 8 Bot\u00ebror t\u00eb Rinis\u00eb dhe Student\u00ebve n\u00eb Helsinki, 1962. Redaktuar nga Sezgin Boynik dhe Taneli Viitahuhta, libri kontekstualizon politik\u00ebn e free jazz-it n\u00eb drit\u00ebn e l\u00ebvizjeve globale dekolonizuese, aktivizmit anti-luft\u00eb, strukturave t\u00eb kapitalizmit racor dhe muzik\u00ebs avangarde. Ky \u00ebsht\u00eb edicioni i kat\u00ebrt (i argjendt\u00eb), nj\u00eb ribotim q\u00eb p\u00ebrfshin t\u00ebr\u00eb skenarin e pjes\u00ebs s\u00eb Shepp, \u201cThe Communist (Junebug Graduates Tonight: A Jazz Allegory)\u201d.<\/p>\n<p><strong>Redaktor\u00eb:<\/strong> Sezgin Boynik &amp; Taneli Viitahuhta<br \/>\n<strong>Tirazhi:<\/strong> 800<br \/>\n<strong>Dimensionet:<\/strong> 20.8 x 13.7 cm<br \/>\n<strong>Viti:<\/strong> Prill 2024<br \/>\n<strong>ISBN:<\/strong> 978-952-69389-0-5<br \/>\n<strong>Botuesi:<\/strong> RabRab Press<\/p>\n","protected":false},"featured_media":1236,"template":"","meta":{"_acf_changed":false},"product_brand":[],"product_cat":[76,75,61],"product_tag":[],"class_list":{"0":"post-474","1":"product","2":"type-product","3":"status-publish","4":"has-post-thumbnail","6":"product_cat-filozofi","7":"product_cat-muzike","8":"product_cat-me-shume-publikime","10":"first","11":"instock","12":"shipping-taxable","13":"purchasable","14":"product-type-simple"},"acf":[],"_links":{"self":[{"href":"https:\/\/shop.kosovotwopointzero.com\/sq\/wp-json\/wp\/v2\/product\/474","targetHints":{"allow":["GET"]}}],"collection":[{"href":"https:\/\/shop.kosovotwopointzero.com\/sq\/wp-json\/wp\/v2\/product"}],"about":[{"href":"https:\/\/shop.kosovotwopointzero.com\/sq\/wp-json\/wp\/v2\/types\/product"}],"wp:featuredmedia":[{"embeddable":true,"href":"https:\/\/shop.kosovotwopointzero.com\/sq\/wp-json\/wp\/v2\/media\/1236"}],"wp:attachment":[{"href":"https:\/\/shop.kosovotwopointzero.com\/sq\/wp-json\/wp\/v2\/media?parent=474"}],"wp:term":[{"taxonomy":"product_brand","embeddable":true,"href":"https:\/\/shop.kosovotwopointzero.com\/sq\/wp-json\/wp\/v2\/product_brand?post=474"},{"taxonomy":"product_cat","embeddable":true,"href":"https:\/\/shop.kosovotwopointzero.com\/sq\/wp-json\/wp\/v2\/product_cat?post=474"},{"taxonomy":"product_tag","embeddable":true,"href":"https:\/\/shop.kosovotwopointzero.com\/sq\/wp-json\/wp\/v2\/product_tag?post=474"}],"curies":[{"name":"wp","href":"https:\/\/api.w.org\/{rel}","templated":true}]}}