{"id":472,"date":"2025-10-06T08:50:34","date_gmt":"2025-10-06T08:50:34","guid":{"rendered":"https:\/\/shop.kosovotwopointzero.com\/product\/ajo-makine-kohe\/"},"modified":"2026-01-19T10:18:00","modified_gmt":"2026-01-19T10:18:00","slug":"she-time-machine","status":"publish","type":"product","link":"https:\/\/shop.kosovotwopointzero.com\/sq\/shop\/me-shume-publikime\/art-vizual\/she-time-machine\/","title":{"rendered":"She, time machine"},"content":{"rendered":"","protected":false},"excerpt":{"rendered":"<p>\u201cShe, Time Machine\u201d nga Viktorija Machkovska \u00ebsht\u00eb lib\u00ebr fotografik p\u00ebr figurina t\u00eb rralla neolitike, t\u00eb kapura p\u00ebrmes metodave t\u00eb ndryshme fotografike. Prizmi feminist i Machkovska sjell k\u00ebto artefakte t\u00eb lashta n\u00eb jet\u00eb. Libri p\u00ebrfshin gjithashtu ese nga Machkovska dhe historianja lituaneze e gjinis\u00eb Rasa Navickait\u0117, duke ftuar lexuesit t\u00eb reflektojn\u00eb mbi feminitetin e k\u00ebtyre p\u00ebrfaq\u00ebsimeve t\u00eb lashta.<\/p>\n<p><strong>Gjuha<\/strong>: Anglisht<br \/>\n<strong>Viti:<\/strong> 2023<br \/>\n<strong>Dimensionet<\/strong>: 20 x 13 cm<br \/>\n<strong>Faqet<\/strong>: 144<br \/>\n<strong>Kop\u00ebrtina<\/strong>: Hardcover<br \/>\n<strong>ISBN<\/strong>: 9786084960089<\/p>\n","protected":false},"featured_media":1517,"template":"","meta":{"_acf_changed":false},"product_brand":[],"product_cat":[73,77,80,61],"product_tag":[],"class_list":{"0":"post-472","1":"product","2":"type-product","3":"status-publish","4":"has-post-thumbnail","6":"product_cat-art-vizual","7":"product_cat-fotografi","8":"product_cat-histori-kosova-pertej","9":"product_cat-me-shume-publikime","11":"first","12":"instock","13":"shipping-taxable","14":"purchasable","15":"product-type-simple"},"acf":[],"_links":{"self":[{"href":"https:\/\/shop.kosovotwopointzero.com\/sq\/wp-json\/wp\/v2\/product\/472","targetHints":{"allow":["GET"]}}],"collection":[{"href":"https:\/\/shop.kosovotwopointzero.com\/sq\/wp-json\/wp\/v2\/product"}],"about":[{"href":"https:\/\/shop.kosovotwopointzero.com\/sq\/wp-json\/wp\/v2\/types\/product"}],"wp:featuredmedia":[{"embeddable":true,"href":"https:\/\/shop.kosovotwopointzero.com\/sq\/wp-json\/wp\/v2\/media\/1517"}],"wp:attachment":[{"href":"https:\/\/shop.kosovotwopointzero.com\/sq\/wp-json\/wp\/v2\/media?parent=472"}],"wp:term":[{"taxonomy":"product_brand","embeddable":true,"href":"https:\/\/shop.kosovotwopointzero.com\/sq\/wp-json\/wp\/v2\/product_brand?post=472"},{"taxonomy":"product_cat","embeddable":true,"href":"https:\/\/shop.kosovotwopointzero.com\/sq\/wp-json\/wp\/v2\/product_cat?post=472"},{"taxonomy":"product_tag","embeddable":true,"href":"https:\/\/shop.kosovotwopointzero.com\/sq\/wp-json\/wp\/v2\/product_tag?post=472"}],"curies":[{"name":"wp","href":"https:\/\/api.w.org\/{rel}","templated":true}]}}