{"id":471,"date":"2025-10-06T08:50:33","date_gmt":"2025-10-06T08:50:33","guid":{"rendered":"https:\/\/shop.kosovotwopointzero.com\/product\/rreth-rrefimit-1975\/"},"modified":"2026-02-04T15:45:37","modified_gmt":"2026-02-04T15:45:37","slug":"about-narration-1975","status":"publish","type":"product","link":"https:\/\/shop.kosovotwopointzero.com\/sq\/shop\/me-shume-publikime\/kinema\/about-narration-1975\/","title":{"rendered":"About Narration (1975)"},"content":{"rendered":"","protected":false},"excerpt":{"rendered":"<p>Redaktuar dhe prezantuar nga Sezgin Boynik dhe Tom Holert, \u201cAbout Narration\u201d fokusohet n\u00eb filmin ese titulluar t\u00eb vitit 1975, i regjisuar nga Ingemo Engstr\u00f6m dhe Harun Farocki. Libri p\u00ebrfshin skenarin e filmit, dokumente historike p\u00ebr realizimin e tij dhe esen\u00eb teorike t\u00eb publikuar m\u00eb par\u00eb nga Farocki. P\u00ebrfshin gjithashtu nj\u00eb ese nga Ingemo Engstr\u00f6m mbi kontekstin politik dhe artistik t\u00eb filmit dhe nj\u00eb intervist\u00eb me Cathy Porter p\u00ebr heroin\u00ebn Larisa Reisner.<\/p>\n<p><strong>Kopertina:<\/strong> Softcover<br \/>\n<strong>Viti:<\/strong> Tetor 2024<br \/>\n<strong>Tirazhi:<\/strong> 800<br \/>\n<strong>Dimensionet<\/strong>: 20 x 12,5 cm<br \/>\n<strong>Faqet:<\/strong> 130<br \/>\n<strong>ISBN:<\/strong> 978-952-65183-9-8<br \/>\n<strong>Botuesi:<\/strong> RabRab Press<\/p>\n","protected":false},"featured_media":812,"template":"","meta":{"_acf_changed":false},"product_brand":[],"product_cat":[61,69],"product_tag":[],"class_list":{"0":"post-471","1":"product","2":"type-product","3":"status-publish","4":"has-post-thumbnail","6":"product_cat-me-shume-publikime","7":"product_cat-kinema","9":"first","10":"instock","11":"shipping-taxable","12":"purchasable","13":"product-type-simple"},"acf":[],"_links":{"self":[{"href":"https:\/\/shop.kosovotwopointzero.com\/sq\/wp-json\/wp\/v2\/product\/471","targetHints":{"allow":["GET"]}}],"collection":[{"href":"https:\/\/shop.kosovotwopointzero.com\/sq\/wp-json\/wp\/v2\/product"}],"about":[{"href":"https:\/\/shop.kosovotwopointzero.com\/sq\/wp-json\/wp\/v2\/types\/product"}],"wp:featuredmedia":[{"embeddable":true,"href":"https:\/\/shop.kosovotwopointzero.com\/sq\/wp-json\/wp\/v2\/media\/812"}],"wp:attachment":[{"href":"https:\/\/shop.kosovotwopointzero.com\/sq\/wp-json\/wp\/v2\/media?parent=471"}],"wp:term":[{"taxonomy":"product_brand","embeddable":true,"href":"https:\/\/shop.kosovotwopointzero.com\/sq\/wp-json\/wp\/v2\/product_brand?post=471"},{"taxonomy":"product_cat","embeddable":true,"href":"https:\/\/shop.kosovotwopointzero.com\/sq\/wp-json\/wp\/v2\/product_cat?post=471"},{"taxonomy":"product_tag","embeddable":true,"href":"https:\/\/shop.kosovotwopointzero.com\/sq\/wp-json\/wp\/v2\/product_tag?post=471"}],"curies":[{"name":"wp","href":"https:\/\/api.w.org\/{rel}","templated":true}]}}