{"id":469,"date":"2025-10-06T08:50:33","date_gmt":"2025-10-06T08:50:33","guid":{"rendered":"https:\/\/shop.kosovotwopointzero.com\/product\/atlas-i-realizmit-fantastik\/"},"modified":"2026-02-04T14:44:16","modified_gmt":"2026-02-04T14:44:16","slug":"atlas-of-fantastical-realism","status":"publish","type":"product","link":"https:\/\/shop.kosovotwopointzero.com\/sq\/shop\/me-shume-publikime\/fantashkence\/atlas-of-fantastical-realism\/","title":{"rendered":"Atlas of Fantastical Realism"},"content":{"rendered":"","protected":false},"excerpt":{"rendered":"<p>\u201cAtlas of Fantastical Realism\u201d \u00ebsht\u00eb nj\u00eb p\u00ebrmbledhje tregimesh t\u00eb shkurtra q\u00eb shtjellojn\u00eb udh\u00ebtimin e Kosov\u00ebs drejt shtet\u00ebsis\u00eb p\u00ebrmes nj\u00eb prizmi surreal, mitik dhe absurd. \u00c7do tregim i p\u00ebrfshir\u00eb n\u00eb lib\u00ebr \u00ebsht\u00eb nj\u00eb eksperiment letrar q\u00eb e portretizon kreativisht rinin\u00eb e Kosov\u00ebs: rr\u00ebfimet variojn\u00eb nga nj\u00eb re pluhuri q\u00eb fiton nd\u00ebrgjegje, deri te nj\u00eb pasqyr\u00eb e thyer q\u00eb p\u00ebrpiqet t\u00eb ribashkohet p\u00ebrmes rr\u00ebfimit.<\/p>\n<p><strong>Gjuha<\/strong>: Anglisht<\/p>\n","protected":false},"featured_media":821,"template":"","meta":{"_acf_changed":false},"product_brand":[],"product_cat":[79,61],"product_tag":[],"class_list":{"0":"post-469","1":"product","2":"type-product","3":"status-publish","4":"has-post-thumbnail","6":"product_cat-fantashkence","7":"product_cat-me-shume-publikime","9":"first","10":"instock","11":"shipping-taxable","12":"purchasable","13":"product-type-simple"},"acf":[],"_links":{"self":[{"href":"https:\/\/shop.kosovotwopointzero.com\/sq\/wp-json\/wp\/v2\/product\/469","targetHints":{"allow":["GET"]}}],"collection":[{"href":"https:\/\/shop.kosovotwopointzero.com\/sq\/wp-json\/wp\/v2\/product"}],"about":[{"href":"https:\/\/shop.kosovotwopointzero.com\/sq\/wp-json\/wp\/v2\/types\/product"}],"wp:featuredmedia":[{"embeddable":true,"href":"https:\/\/shop.kosovotwopointzero.com\/sq\/wp-json\/wp\/v2\/media\/821"}],"wp:attachment":[{"href":"https:\/\/shop.kosovotwopointzero.com\/sq\/wp-json\/wp\/v2\/media?parent=469"}],"wp:term":[{"taxonomy":"product_brand","embeddable":true,"href":"https:\/\/shop.kosovotwopointzero.com\/sq\/wp-json\/wp\/v2\/product_brand?post=469"},{"taxonomy":"product_cat","embeddable":true,"href":"https:\/\/shop.kosovotwopointzero.com\/sq\/wp-json\/wp\/v2\/product_cat?post=469"},{"taxonomy":"product_tag","embeddable":true,"href":"https:\/\/shop.kosovotwopointzero.com\/sq\/wp-json\/wp\/v2\/product_tag?post=469"}],"curies":[{"name":"wp","href":"https:\/\/api.w.org\/{rel}","templated":true}]}}