{"id":467,"date":"2025-10-06T08:50:33","date_gmt":"2025-10-06T08:50:33","guid":{"rendered":"https:\/\/shop.kosovotwopointzero.com\/product\/croprising-kopshtare-te-keqij-dhe-barera-te-mira-nje-udhezues\/"},"modified":"2026-01-17T19:19:54","modified_gmt":"2026-01-17T19:19:54","slug":"croprising-bad-gardeners-and-good-weeds-a-guide","status":"publish","type":"product","link":"https:\/\/shop.kosovotwopointzero.com\/sq\/shop\/me-shume-publikime\/mjedisi\/croprising-bad-gardeners-and-good-weeds-a-guide\/","title":{"rendered":"Croprising: Bad Gardeners and Good Weeds \u2013 A Guide"},"content":{"rendered":"","protected":false},"excerpt":{"rendered":"<p>\u201cCroprising: Bad Gardeners and Good Weeds \u2013 A Guide\u201d \u00ebsht\u00eb nj\u00eb p\u00ebrmbledhje eklektike trillimi, ilustrimesh, k\u00ebrkimi dhe tekstesh dokumentare t\u00eb bazuara n\u00eb kopshtin komunitar t\u00eb Bostanies n\u00eb Shkup. Ky projekt bashk\u00ebpunues dhe nd\u00ebrdisiplinor u udh\u00ebhoq nga shkrimtarja Hana Korneti dhe ilustratorja Ivana Chaloska, t\u00eb cilat kan\u00eb qen\u00eb t\u00eb p\u00ebrfshira n\u00eb kopsht q\u00eb nga themelimi i tij. Ato punuan n\u00eb bashk\u00ebpunim me Dimitar Samardjiev, koordinator n\u00eb Bostanie. Libri shqyrton parimet e permakultur\u00ebs q\u00eb q\u00ebndrojn\u00eb n\u00eb themel t\u00eb krijimit t\u00eb kopshtit dhe m\u00ebnyr\u00ebn se si ndryshimi u kultivua nga komuniteti n\u00eb nivel individual.<\/p>\n<p><strong>Gjuha:<\/strong> Anglisht<br \/>\n<strong>Viti:<\/strong> 2023<br \/>\n<strong>Dimensionet:<\/strong> 16.5 x 16.5 cm<br \/>\n<strong>Faqet:<\/strong> 224<br \/>\n<strong>Kopertina:<\/strong> Softcover<br \/>\n<strong>ISBN:<\/strong> 9786084960065<\/p>\n","protected":false},"featured_media":468,"template":"","meta":{"_acf_changed":false},"product_brand":[],"product_cat":[72,61],"product_tag":[],"class_list":{"0":"post-467","1":"product","2":"type-product","3":"status-publish","4":"has-post-thumbnail","6":"product_cat-mjedisi","7":"product_cat-me-shume-publikime","9":"first","10":"instock","11":"shipping-taxable","12":"purchasable","13":"product-type-simple"},"acf":[],"_links":{"self":[{"href":"https:\/\/shop.kosovotwopointzero.com\/sq\/wp-json\/wp\/v2\/product\/467","targetHints":{"allow":["GET"]}}],"collection":[{"href":"https:\/\/shop.kosovotwopointzero.com\/sq\/wp-json\/wp\/v2\/product"}],"about":[{"href":"https:\/\/shop.kosovotwopointzero.com\/sq\/wp-json\/wp\/v2\/types\/product"}],"wp:featuredmedia":[{"embeddable":true,"href":"https:\/\/shop.kosovotwopointzero.com\/sq\/wp-json\/wp\/v2\/media\/468"}],"wp:attachment":[{"href":"https:\/\/shop.kosovotwopointzero.com\/sq\/wp-json\/wp\/v2\/media?parent=467"}],"wp:term":[{"taxonomy":"product_brand","embeddable":true,"href":"https:\/\/shop.kosovotwopointzero.com\/sq\/wp-json\/wp\/v2\/product_brand?post=467"},{"taxonomy":"product_cat","embeddable":true,"href":"https:\/\/shop.kosovotwopointzero.com\/sq\/wp-json\/wp\/v2\/product_cat?post=467"},{"taxonomy":"product_tag","embeddable":true,"href":"https:\/\/shop.kosovotwopointzero.com\/sq\/wp-json\/wp\/v2\/product_tag?post=467"}],"curies":[{"name":"wp","href":"https:\/\/api.w.org\/{rel}","templated":true}]}}