{"id":466,"date":"2025-10-06T08:50:32","date_gmt":"2025-10-06T08:50:32","guid":{"rendered":"https:\/\/shop.kosovotwopointzero.com\/product\/fora-reviste-kulturore-e-pavarur-nr-1\/"},"modified":"2026-01-19T14:41:56","modified_gmt":"2026-01-19T14:41:56","slug":"fora-reviste-kulturore-e-pavarur-nr-1","status":"publish","type":"product","link":"https:\/\/shop.kosovotwopointzero.com\/sq\/shop\/me-shume-publikime\/art-vizual\/fora-reviste-kulturore-e-pavarur-nr-1\/","title":{"rendered":"Fora revist\u00eb kulturore e pavarur nr. 1"},"content":{"rendered":"","protected":false},"excerpt":{"rendered":"<p>\u201cFora\u201d \u00ebsht\u00eb nj\u00eb platform\u00eb editoriale e pavarur q\u00eb nd\u00ebrthur ese, intervista, kritik\u00eb, skica dhe fotografi p\u00ebr t\u00eb ofruar nj\u00eb pasqyr\u00eb t\u00eb klim\u00ebs s\u00eb kultur\u00ebs shqiptare.<\/p>\n","protected":false},"featured_media":760,"template":"","meta":{"_acf_changed":false},"product_brand":[],"product_cat":[73,61],"product_tag":[],"class_list":{"0":"post-466","1":"product","2":"type-product","3":"status-publish","4":"has-post-thumbnail","6":"product_cat-art-vizual","7":"product_cat-me-shume-publikime","9":"first","10":"instock","11":"shipping-taxable","12":"purchasable","13":"product-type-simple"},"acf":[],"_links":{"self":[{"href":"https:\/\/shop.kosovotwopointzero.com\/sq\/wp-json\/wp\/v2\/product\/466","targetHints":{"allow":["GET"]}}],"collection":[{"href":"https:\/\/shop.kosovotwopointzero.com\/sq\/wp-json\/wp\/v2\/product"}],"about":[{"href":"https:\/\/shop.kosovotwopointzero.com\/sq\/wp-json\/wp\/v2\/types\/product"}],"wp:featuredmedia":[{"embeddable":true,"href":"https:\/\/shop.kosovotwopointzero.com\/sq\/wp-json\/wp\/v2\/media\/760"}],"wp:attachment":[{"href":"https:\/\/shop.kosovotwopointzero.com\/sq\/wp-json\/wp\/v2\/media?parent=466"}],"wp:term":[{"taxonomy":"product_brand","embeddable":true,"href":"https:\/\/shop.kosovotwopointzero.com\/sq\/wp-json\/wp\/v2\/product_brand?post=466"},{"taxonomy":"product_cat","embeddable":true,"href":"https:\/\/shop.kosovotwopointzero.com\/sq\/wp-json\/wp\/v2\/product_cat?post=466"},{"taxonomy":"product_tag","embeddable":true,"href":"https:\/\/shop.kosovotwopointzero.com\/sq\/wp-json\/wp\/v2\/product_tag?post=466"}],"curies":[{"name":"wp","href":"https:\/\/api.w.org\/{rel}","templated":true}]}}