{"id":463,"date":"2025-10-06T08:50:32","date_gmt":"2025-10-06T08:50:32","guid":{"rendered":"https:\/\/shop.kosovotwopointzero.com\/product\/vrasje-pa-gjak-ceshtja-shqiptare-1916\/"},"modified":"2026-01-19T12:06:08","modified_gmt":"2026-01-19T12:06:08","slug":"bloodless-murder-the-albanian-issue-1916","status":"publish","type":"product","link":"https:\/\/shop.kosovotwopointzero.com\/sq\/shop\/me-shume-publikime\/histori-kosova-pertej\/bloodless-murder-the-albanian-issue-1916\/","title":{"rendered":"Bloodless Murder \u201cThe Albanian Issue\u201d, 1916"},"content":{"rendered":"","protected":false},"excerpt":{"rendered":"<p>Bie Bao prezanton p\u00ebrkthimin e par\u00eb n\u00eb anglisht t\u00eb numrit t\u00eb vitit 1916 t\u00eb revist\u00ebs \u201cBloodless Murder\u201d, e cila botohej n\u00eb Petrograd n\u00eb tirazhe t\u00eb kufizuara. Ky botim p\u00ebrfshin komente t\u00eb gjera nga studiuesja dhe kuratorja Alexandra Strukova. Gjithashtu p\u00ebrfshin edhe dy letra t\u00eb shkruara n\u00eb vitin 1924 nga Olga Leshkova, redaktore e \u201cBloodless Murder\u201d, drejtuar artistit dhe shkrimtarit Ilia Zdanevich.<\/p>\n<p><strong>Tirazhi:<\/strong> 500<br \/>\n<strong>Dimensionet:<\/strong> 11 x 17 cm<br \/>\n<strong>Kopertina:<\/strong> Softcover<br \/>\n<strong>Faqet: <\/strong>112<br \/>\n<strong>Viti:<\/strong> Shkurt, 2025<br \/>\n<strong>ISBN:<\/strong> 978-952-65646-0-9<br \/>\n<strong>Botuesi:<\/strong> RabRab Press<\/p>\n","protected":false},"featured_media":1130,"template":"","meta":{"_acf_changed":false},"product_brand":[],"product_cat":[80,61],"product_tag":[],"class_list":{"0":"post-463","1":"product","2":"type-product","3":"status-publish","4":"has-post-thumbnail","6":"product_cat-histori-kosova-pertej","7":"product_cat-me-shume-publikime","9":"first","10":"instock","11":"shipping-taxable","12":"purchasable","13":"product-type-simple"},"acf":[],"_links":{"self":[{"href":"https:\/\/shop.kosovotwopointzero.com\/sq\/wp-json\/wp\/v2\/product\/463","targetHints":{"allow":["GET"]}}],"collection":[{"href":"https:\/\/shop.kosovotwopointzero.com\/sq\/wp-json\/wp\/v2\/product"}],"about":[{"href":"https:\/\/shop.kosovotwopointzero.com\/sq\/wp-json\/wp\/v2\/types\/product"}],"wp:featuredmedia":[{"embeddable":true,"href":"https:\/\/shop.kosovotwopointzero.com\/sq\/wp-json\/wp\/v2\/media\/1130"}],"wp:attachment":[{"href":"https:\/\/shop.kosovotwopointzero.com\/sq\/wp-json\/wp\/v2\/media?parent=463"}],"wp:term":[{"taxonomy":"product_brand","embeddable":true,"href":"https:\/\/shop.kosovotwopointzero.com\/sq\/wp-json\/wp\/v2\/product_brand?post=463"},{"taxonomy":"product_cat","embeddable":true,"href":"https:\/\/shop.kosovotwopointzero.com\/sq\/wp-json\/wp\/v2\/product_cat?post=463"},{"taxonomy":"product_tag","embeddable":true,"href":"https:\/\/shop.kosovotwopointzero.com\/sq\/wp-json\/wp\/v2\/product_tag?post=463"}],"curies":[{"name":"wp","href":"https:\/\/api.w.org\/{rel}","templated":true}]}}