{"id":462,"date":"2025-10-06T08:50:33","date_gmt":"2025-10-06T08:50:33","guid":{"rendered":"https:\/\/shop.kosovotwopointzero.com\/product\/por-se-pari-kontrollo-ujin\/"},"modified":"2026-01-19T14:15:43","modified_gmt":"2026-01-19T14:15:43","slug":"but-first-check-the-water","status":"publish","type":"product","link":"https:\/\/shop.kosovotwopointzero.com\/sq\/shop\/me-shume-publikime\/art-vizual\/but-first-check-the-water\/","title":{"rendered":"But first check the water"},"content":{"rendered":"","protected":false},"excerpt":{"rendered":"<p>\u201cBut first check the water\u201d ofron nj\u00eb v\u00ebshtrim m\u00eb t\u00eb thelluar rreth historis\u00eb s\u00eb Prishtin\u00ebs, duke u fokusuar kryesisht n\u00eb nd\u00ebrtes\u00ebn e trash\u00ebgimis\u00eb s\u00eb Kryqit t\u00eb Kuq. Bazuar n\u00eb nj\u00eb nd\u00ebrhyrje artistike nga Nurhan Qehaja m\u00eb 30 shtator 2020, libri shtjellon r\u00ebnd\u00ebsin\u00eb historike, kulturore dhe arkitekturore t\u00eb nd\u00ebrtes\u00ebs n\u00eb kontekstin urban t\u00eb qytetit. P\u00ebrve\u00e7 nd\u00ebrhyrjes artistike, libri p\u00ebrdor k\u00ebrkime nga terreni dhe rr\u00ebfimet nga banor\u00ebt lokal\u00eb p\u00ebr t\u00eb trajtuar pyetje t\u00eb ndryshme q\u00eb lindin nga nd\u00ebrtesa e Kryqit t\u00eb Kuq.<\/p>\n<p><strong>Gjuha:<\/strong> Shqip<br \/>\n<strong>Viti:<\/strong> 2021<br \/>\n<strong>Dimensionet:<\/strong> 24 cm<br \/>\n<strong>Faqet: <\/strong>132<br \/>\n<strong>Kopertina:<\/strong> Hardcover<br \/>\n<strong>ISBN:<\/strong> 9789951899918<\/p>\n","protected":false},"featured_media":1178,"template":"","meta":{"_acf_changed":false},"product_brand":[],"product_cat":[73,78,61],"product_tag":[],"class_list":{"0":"post-462","1":"product","2":"type-product","3":"status-publish","4":"has-post-thumbnail","6":"product_cat-art-vizual","7":"product_cat-hapesira-publike","8":"product_cat-me-shume-publikime","10":"first","11":"instock","12":"shipping-taxable","13":"purchasable","14":"product-type-simple"},"acf":[],"_links":{"self":[{"href":"https:\/\/shop.kosovotwopointzero.com\/sq\/wp-json\/wp\/v2\/product\/462","targetHints":{"allow":["GET"]}}],"collection":[{"href":"https:\/\/shop.kosovotwopointzero.com\/sq\/wp-json\/wp\/v2\/product"}],"about":[{"href":"https:\/\/shop.kosovotwopointzero.com\/sq\/wp-json\/wp\/v2\/types\/product"}],"wp:featuredmedia":[{"embeddable":true,"href":"https:\/\/shop.kosovotwopointzero.com\/sq\/wp-json\/wp\/v2\/media\/1178"}],"wp:attachment":[{"href":"https:\/\/shop.kosovotwopointzero.com\/sq\/wp-json\/wp\/v2\/media?parent=462"}],"wp:term":[{"taxonomy":"product_brand","embeddable":true,"href":"https:\/\/shop.kosovotwopointzero.com\/sq\/wp-json\/wp\/v2\/product_brand?post=462"},{"taxonomy":"product_cat","embeddable":true,"href":"https:\/\/shop.kosovotwopointzero.com\/sq\/wp-json\/wp\/v2\/product_cat?post=462"},{"taxonomy":"product_tag","embeddable":true,"href":"https:\/\/shop.kosovotwopointzero.com\/sq\/wp-json\/wp\/v2\/product_tag?post=462"}],"curies":[{"name":"wp","href":"https:\/\/api.w.org\/{rel}","templated":true}]}}