{"id":459,"date":"2025-10-06T08:50:33","date_gmt":"2025-10-06T08:50:33","guid":{"rendered":"https:\/\/shop.kosovotwopointzero.com\/product\/ngrohtesi-gruaje-zemerim-gruaje\/"},"modified":"2026-01-19T11:12:52","modified_gmt":"2026-01-19T11:12:52","slug":"woman-warmth-woman-wrath","status":"publish","type":"product","link":"https:\/\/shop.kosovotwopointzero.com\/sq\/shop\/me-shume-publikime\/poezi\/woman-warmth-woman-wrath\/","title":{"rendered":"Woman Warmth Woman Wrath"},"content":{"rendered":"","protected":false},"excerpt":{"rendered":"<p>\u201cWoman Warmth Woman Wrath\u201d \u00ebsht\u00eb nj\u00eb p\u00ebrmbledhje poezish nga Uresa Ahmeti, aktiviste, shkrimtare dhe artiste performative. Libri shtjellon temat e dyshimit n\u00eb vetvete, pritshm\u00ebrive shoq\u00ebrore dhe q\u00ebndrueshm\u00ebris\u00eb s\u00eb identiteteve t\u00eb margjinalizuara.<\/p>\n<p><strong>Viti:<\/strong> 2023<br \/>\n<strong>Faqet<\/strong>: 32<br \/>\n<strong>Kopertina<\/strong>: Paperback<br \/>\n<strong>Gjuha<\/strong>: Anglisht<\/p>\n","protected":false},"featured_media":959,"template":"","meta":{"_acf_changed":false},"product_brand":[],"product_cat":[74,61],"product_tag":[],"class_list":{"0":"post-459","1":"product","2":"type-product","3":"status-publish","4":"has-post-thumbnail","6":"product_cat-poezi","7":"product_cat-me-shume-publikime","9":"first","10":"instock","11":"shipping-taxable","12":"purchasable","13":"product-type-simple"},"acf":[],"_links":{"self":[{"href":"https:\/\/shop.kosovotwopointzero.com\/sq\/wp-json\/wp\/v2\/product\/459","targetHints":{"allow":["GET"]}}],"collection":[{"href":"https:\/\/shop.kosovotwopointzero.com\/sq\/wp-json\/wp\/v2\/product"}],"about":[{"href":"https:\/\/shop.kosovotwopointzero.com\/sq\/wp-json\/wp\/v2\/types\/product"}],"wp:featuredmedia":[{"embeddable":true,"href":"https:\/\/shop.kosovotwopointzero.com\/sq\/wp-json\/wp\/v2\/media\/959"}],"wp:attachment":[{"href":"https:\/\/shop.kosovotwopointzero.com\/sq\/wp-json\/wp\/v2\/media?parent=459"}],"wp:term":[{"taxonomy":"product_brand","embeddable":true,"href":"https:\/\/shop.kosovotwopointzero.com\/sq\/wp-json\/wp\/v2\/product_brand?post=459"},{"taxonomy":"product_cat","embeddable":true,"href":"https:\/\/shop.kosovotwopointzero.com\/sq\/wp-json\/wp\/v2\/product_cat?post=459"},{"taxonomy":"product_tag","embeddable":true,"href":"https:\/\/shop.kosovotwopointzero.com\/sq\/wp-json\/wp\/v2\/product_tag?post=459"}],"curies":[{"name":"wp","href":"https:\/\/api.w.org\/{rel}","templated":true}]}}