{"id":458,"date":"2025-10-06T08:50:33","date_gmt":"2025-10-06T08:50:33","guid":{"rendered":"https:\/\/shop.kosovotwopointzero.com\/product\/te-lire-bashke\/"},"modified":"2026-01-17T19:44:06","modified_gmt":"2026-01-17T19:44:06","slug":"te-lire-bashke","status":"publish","type":"product","link":"https:\/\/shop.kosovotwopointzero.com\/sq\/shop\/me-shume-publikime\/art-vizual\/te-lire-bashke\/","title":{"rendered":"Free together"},"content":{"rendered":"","protected":false},"excerpt":{"rendered":"<p>\u201cFree Together\u201d nga Pauline Aliou \u00ebsht\u00eb nj\u00eb zine fotografike e publikuar nga \u201cPararoja\u201d. Botimi \u00ebsht\u00eb pjes\u00eb e nj\u00eb projekti q\u00eb shtjellon mund\u00ebsit\u00eb redaktoriale alternative t\u00eb ofruara nga librat e artit, fanzinet, posterat dhe materialet e tjera t\u00eb prodhuara vet\u00eb. \u00c7do zin\u00eb nga \u201cPararoja\u201d shtypet n\u00eb tirazhe t\u00eb kufizuara si fotokopje bardh e zi dhe fokusohet n\u00eb hulumtimin e nj\u00eb artisti\/eje bashk\u00ebkohor\/e.<\/p>\n<p><strong>Kopertina:<\/strong> Paperback<br \/>\n<strong>Dimensionet:<\/strong> 24 cm<br \/>\n<strong>Botuesi:<\/strong> Pararoja<\/p>\n","protected":false},"featured_media":1247,"template":"","meta":{"_acf_changed":false},"product_brand":[],"product_cat":[73,61],"product_tag":[],"class_list":{"0":"post-458","1":"product","2":"type-product","3":"status-publish","4":"has-post-thumbnail","6":"product_cat-art-vizual","7":"product_cat-me-shume-publikime","9":"first","10":"instock","11":"shipping-taxable","12":"purchasable","13":"product-type-simple"},"acf":[],"_links":{"self":[{"href":"https:\/\/shop.kosovotwopointzero.com\/sq\/wp-json\/wp\/v2\/product\/458","targetHints":{"allow":["GET"]}}],"collection":[{"href":"https:\/\/shop.kosovotwopointzero.com\/sq\/wp-json\/wp\/v2\/product"}],"about":[{"href":"https:\/\/shop.kosovotwopointzero.com\/sq\/wp-json\/wp\/v2\/types\/product"}],"wp:featuredmedia":[{"embeddable":true,"href":"https:\/\/shop.kosovotwopointzero.com\/sq\/wp-json\/wp\/v2\/media\/1247"}],"wp:attachment":[{"href":"https:\/\/shop.kosovotwopointzero.com\/sq\/wp-json\/wp\/v2\/media?parent=458"}],"wp:term":[{"taxonomy":"product_brand","embeddable":true,"href":"https:\/\/shop.kosovotwopointzero.com\/sq\/wp-json\/wp\/v2\/product_brand?post=458"},{"taxonomy":"product_cat","embeddable":true,"href":"https:\/\/shop.kosovotwopointzero.com\/sq\/wp-json\/wp\/v2\/product_cat?post=458"},{"taxonomy":"product_tag","embeddable":true,"href":"https:\/\/shop.kosovotwopointzero.com\/sq\/wp-json\/wp\/v2\/product_tag?post=458"}],"curies":[{"name":"wp","href":"https:\/\/api.w.org\/{rel}","templated":true}]}}