{"id":455,"date":"2025-10-06T08:50:32","date_gmt":"2025-10-06T08:50:32","guid":{"rendered":"https:\/\/shop.kosovotwopointzero.com\/product\/bulezat-3\/"},"modified":"2026-01-19T14:10:44","modified_gmt":"2026-01-19T14:10:44","slug":"bulezat-3","status":"publish","type":"product","link":"https:\/\/shop.kosovotwopointzero.com\/sq\/shop\/me-shume-publikime\/art-vizual\/bulezat-3\/","title":{"rendered":"Bul\u00ebzat 3"},"content":{"rendered":"","protected":false},"excerpt":{"rendered":"<p>Edicioni i tret\u00eb i \u201cBul\u00ebzat\u201d, i botuar nga Shkodra Arthouse, p\u00ebrmban p\u00ebrkthime n\u00eb shqip t\u00eb autor\u00ebve q\u00eb kan\u00eb pasur ndikim t\u00eb madh n\u00eb mendimin bashk\u00ebkohor n\u00eb fushat e artit, filozofis\u00eb dhe shkencave humane. Ky edicion bashkon shkrimtar\u00eb nga Shqip\u00ebria dhe Kosova, si G\u00ebzim Q\u00ebndro, Elsa Demo, Edi Muka, Ardian Vehbiu, Zef Paci, Er\u00ebmir\u00eb Krasniqi, Ester Celami dhe Sezgin Boynik.<\/p>\n<p><strong>Redaktor:<\/strong> Lek M. Gjeloshi<br \/>\n<strong>Dizajn:<\/strong> Lek M. Gjeloshi<br \/>\n<strong>Dimensionet:<\/strong> 12 x 4 x 18.4 cm<br \/>\n<strong>Viti:<\/strong> Dhjetor 2024<br \/>\n<strong>ISBN:<\/strong> 978-9928-334-00-8<\/p>\n","protected":false},"featured_media":1167,"template":"","meta":{"_acf_changed":false},"product_brand":[],"product_cat":[73,76,78,61],"product_tag":[],"class_list":{"0":"post-455","1":"product","2":"type-product","3":"status-publish","4":"has-post-thumbnail","6":"product_cat-art-vizual","7":"product_cat-filozofi","8":"product_cat-hapesira-publike","9":"product_cat-me-shume-publikime","11":"first","12":"instock","13":"shipping-taxable","14":"purchasable","15":"product-type-simple"},"acf":[],"_links":{"self":[{"href":"https:\/\/shop.kosovotwopointzero.com\/sq\/wp-json\/wp\/v2\/product\/455","targetHints":{"allow":["GET"]}}],"collection":[{"href":"https:\/\/shop.kosovotwopointzero.com\/sq\/wp-json\/wp\/v2\/product"}],"about":[{"href":"https:\/\/shop.kosovotwopointzero.com\/sq\/wp-json\/wp\/v2\/types\/product"}],"wp:featuredmedia":[{"embeddable":true,"href":"https:\/\/shop.kosovotwopointzero.com\/sq\/wp-json\/wp\/v2\/media\/1167"}],"wp:attachment":[{"href":"https:\/\/shop.kosovotwopointzero.com\/sq\/wp-json\/wp\/v2\/media?parent=455"}],"wp:term":[{"taxonomy":"product_brand","embeddable":true,"href":"https:\/\/shop.kosovotwopointzero.com\/sq\/wp-json\/wp\/v2\/product_brand?post=455"},{"taxonomy":"product_cat","embeddable":true,"href":"https:\/\/shop.kosovotwopointzero.com\/sq\/wp-json\/wp\/v2\/product_cat?post=455"},{"taxonomy":"product_tag","embeddable":true,"href":"https:\/\/shop.kosovotwopointzero.com\/sq\/wp-json\/wp\/v2\/product_tag?post=455"}],"curies":[{"name":"wp","href":"https:\/\/api.w.org\/{rel}","templated":true}]}}