{"id":453,"date":"2025-10-06T08:50:34","date_gmt":"2025-10-06T08:50:34","guid":{"rendered":"https:\/\/shop.kosovotwopointzero.com\/product\/suste-verbale-e-ngjeshur-mjetet-e-gjuhes-se-leninit\/"},"modified":"2026-01-19T14:19:17","modified_gmt":"2026-01-19T14:19:17","slug":"coiled-verbal-spring-devices-of-lenins-language","status":"publish","type":"product","link":"https:\/\/shop.kosovotwopointzero.com\/sq\/shop\/me-shume-publikime\/histori-kosova-pertej\/coiled-verbal-spring-devices-of-lenins-language\/","title":{"rendered":"Coiled Verbal Spring: Devices of Lenin\u2019s Language"},"content":{"rendered":"","protected":false},"excerpt":{"rendered":"<p>\u201cCoiled Verbal Spring: Devices of Lenin\u2019s Language\u201d p\u00ebrmban nj\u00eb p\u00ebrmbledhje shkrimesh nga formalist\u00ebt dhe futurist\u00ebt rus\u00eb q\u00eb analizojn\u00eb gjuh\u00ebn revolucionare t\u00eb Leninit. Fillimisht botuar n\u00eb vitin 1924 n\u00eb revist\u00ebn Left Front of the Arts, libri p\u00ebrfshin p\u00ebrkthimet e para n\u00eb anglisht t\u00eb eseve m\u00eb \u201cpolitike\u201d t\u00eb l\u00ebvizjes formaliste dhe futuriste ruse, nga Viktor Shklovsky, Boris Eikhenbaum, Yuri Tynyanov, Boris Tomashevsky, Lev Yakubinsky dhe Boris Kazansky.<\/p>\n<p><strong>P\u00ebrkthyes:<\/strong> Thomas Campbell, Mikko Viljanen<br \/>\n<strong>Dizajn:<\/strong> Ott Kagovere<br \/>\n<strong>Tirazhi:<\/strong> 1000<br \/>\n<strong>Dimensionet:<\/strong> 14 x 21 cm<br \/>\n<strong>Kopertina:<\/strong> Softcover, silkscreen print<br \/>\n<strong>Faqet:<\/strong> 367<br \/>\n<strong>Viti:<\/strong> N\u00ebntor 2018<br \/>\n<strong>ISBN:<\/strong> 9789529411382<br \/>\n<strong>Botuesi:<\/strong> RabRab Press<\/p>\n","protected":false},"featured_media":880,"template":"","meta":{"_acf_changed":false},"product_brand":[],"product_cat":[80,61],"product_tag":[],"class_list":{"0":"post-453","1":"product","2":"type-product","3":"status-publish","4":"has-post-thumbnail","6":"product_cat-histori-kosova-pertej","7":"product_cat-me-shume-publikime","9":"first","10":"instock","11":"shipping-taxable","12":"purchasable","13":"product-type-simple"},"acf":[],"_links":{"self":[{"href":"https:\/\/shop.kosovotwopointzero.com\/sq\/wp-json\/wp\/v2\/product\/453","targetHints":{"allow":["GET"]}}],"collection":[{"href":"https:\/\/shop.kosovotwopointzero.com\/sq\/wp-json\/wp\/v2\/product"}],"about":[{"href":"https:\/\/shop.kosovotwopointzero.com\/sq\/wp-json\/wp\/v2\/types\/product"}],"wp:featuredmedia":[{"embeddable":true,"href":"https:\/\/shop.kosovotwopointzero.com\/sq\/wp-json\/wp\/v2\/media\/880"}],"wp:attachment":[{"href":"https:\/\/shop.kosovotwopointzero.com\/sq\/wp-json\/wp\/v2\/media?parent=453"}],"wp:term":[{"taxonomy":"product_brand","embeddable":true,"href":"https:\/\/shop.kosovotwopointzero.com\/sq\/wp-json\/wp\/v2\/product_brand?post=453"},{"taxonomy":"product_cat","embeddable":true,"href":"https:\/\/shop.kosovotwopointzero.com\/sq\/wp-json\/wp\/v2\/product_cat?post=453"},{"taxonomy":"product_tag","embeddable":true,"href":"https:\/\/shop.kosovotwopointzero.com\/sq\/wp-json\/wp\/v2\/product_tag?post=453"}],"curies":[{"name":"wp","href":"https:\/\/api.w.org\/{rel}","templated":true}]}}