{"id":449,"date":"2025-10-06T08:50:34","date_gmt":"2025-10-06T08:50:34","guid":{"rendered":"https:\/\/shop.kosovotwopointzero.com\/product\/bukuria-e-kalimtares-nje-deklarate-mbi-anti-veprat-e-artit\/"},"modified":"2026-01-19T10:27:03","modified_gmt":"2026-01-19T10:27:03","slug":"the-beauty-of-transience-a-statement-on-anti-artworks","status":"publish","type":"product","link":"https:\/\/shop.kosovotwopointzero.com\/sq\/shop\/me-shume-publikime\/art-vizual\/the-beauty-of-transience-a-statement-on-anti-artworks\/","title":{"rendered":"The beauty of transience &#8211; A statement on anti-artworks"},"content":{"rendered":"","protected":false},"excerpt":{"rendered":"<p>\u201cThe beauty of transience \u2013 A statement on anti-artworks\u201d p\u00ebrmban dokumentim fotografik t\u00eb veprave artistike dhe ngjarjeve t\u00eb nj\u00ebhershme q\u00eb nuk ekzistojn\u00eb m\u00eb. Gjat\u00eb disa dit\u00ebve, libri \u00ebsht\u00eb nj\u00eb rrjedh\u00eb mendimesh e shprehur p\u00ebrmes fjal\u00ebve dhe aktiviteteve t\u00eb p\u00ebrkohshme.<\/p>\n<p><strong>Gjuha:<\/strong> Anglisht<br \/>\n<strong>Viti<\/strong>: 2022<br \/>\n<strong>Dimensionet<\/strong>: 14.8 x 10.5 cm<br \/>\n<strong>Faqet:<\/strong> 120<br \/>\n<strong>Kop\u00ebrtina<\/strong>: Softcover<br \/>\n<strong>ISBN:<\/strong> 9786084960041<br \/>\n<strong>Botuesi<\/strong>: RabRab Press<\/p>\n","protected":false},"featured_media":1390,"template":"","meta":{"_acf_changed":false},"product_brand":[],"product_cat":[73,61],"product_tag":[],"class_list":{"0":"post-449","1":"product","2":"type-product","3":"status-publish","4":"has-post-thumbnail","6":"product_cat-art-vizual","7":"product_cat-me-shume-publikime","9":"first","10":"instock","11":"shipping-taxable","12":"purchasable","13":"product-type-simple"},"acf":[],"_links":{"self":[{"href":"https:\/\/shop.kosovotwopointzero.com\/sq\/wp-json\/wp\/v2\/product\/449","targetHints":{"allow":["GET"]}}],"collection":[{"href":"https:\/\/shop.kosovotwopointzero.com\/sq\/wp-json\/wp\/v2\/product"}],"about":[{"href":"https:\/\/shop.kosovotwopointzero.com\/sq\/wp-json\/wp\/v2\/types\/product"}],"wp:featuredmedia":[{"embeddable":true,"href":"https:\/\/shop.kosovotwopointzero.com\/sq\/wp-json\/wp\/v2\/media\/1390"}],"wp:attachment":[{"href":"https:\/\/shop.kosovotwopointzero.com\/sq\/wp-json\/wp\/v2\/media?parent=449"}],"wp:term":[{"taxonomy":"product_brand","embeddable":true,"href":"https:\/\/shop.kosovotwopointzero.com\/sq\/wp-json\/wp\/v2\/product_brand?post=449"},{"taxonomy":"product_cat","embeddable":true,"href":"https:\/\/shop.kosovotwopointzero.com\/sq\/wp-json\/wp\/v2\/product_cat?post=449"},{"taxonomy":"product_tag","embeddable":true,"href":"https:\/\/shop.kosovotwopointzero.com\/sq\/wp-json\/wp\/v2\/product_tag?post=449"}],"curies":[{"name":"wp","href":"https:\/\/api.w.org\/{rel}","templated":true}]}}