{"id":447,"date":"2025-10-06T08:50:35","date_gmt":"2025-10-06T08:50:35","guid":{"rendered":"https:\/\/shop.kosovotwopointzero.com\/product\/kam-qene-nje-djale-i-mire-por-dola-queer\/"},"modified":"2026-02-04T15:44:09","modified_gmt":"2026-02-04T15:44:09","slug":"i-used-to-be-a-lovely-boy-but-turned-out-queer","status":"publish","type":"product","link":"https:\/\/shop.kosovotwopointzero.com\/sq\/shop\/me-shume-publikime\/art-vizual\/i-used-to-be-a-lovely-boy-but-turned-out-queer\/","title":{"rendered":"I Used to Be a Lovely Boy But Turned Out Queer"},"content":{"rendered":"","protected":false},"excerpt":{"rendered":"<p>\u201cI Used to Be a Lovely Boy But Turned Out Queer\u201d nga Jovan Josifovski shtjellon termin &#8220;queer&#8221; p\u00ebrmes p\u00ebrvoj\u00ebs personale dhe arkivit t\u00eb autorit. Libri i kushton v\u00ebmendje t\u00eb ve\u00e7ant\u00eb gjuh\u00ebs, ve\u00e7an\u00ebrisht faktit sesi perceptimi yn\u00eb i gj\u00ebrave mund t\u00eb ndryshoj\u00eb n\u00eb var\u00ebsi t\u00eb formulimeve gjuh\u00ebsore.<\/p>\n<p><strong>Gjuha:<\/strong> Anglisht<br \/>\n<strong>Viti:<\/strong> 2022<br \/>\n<strong>Dimensionet:<\/strong> 20 x 13 cm<br \/>\n<strong>Faqet:<\/strong> 128<br \/>\n<strong>Kopertina:<\/strong> Softcover<br \/>\n<strong>ISBN:<\/strong> 9786084960034<\/p>\n","protected":false},"featured_media":1361,"template":"","meta":{"_acf_changed":false},"product_brand":[],"product_cat":[73,70,61],"product_tag":[],"class_list":{"0":"post-447","1":"product","2":"type-product","3":"status-publish","4":"has-post-thumbnail","6":"product_cat-art-vizual","7":"product_cat-lgbtqi","8":"product_cat-me-shume-publikime","10":"first","11":"instock","12":"shipping-taxable","13":"purchasable","14":"product-type-simple"},"acf":[],"_links":{"self":[{"href":"https:\/\/shop.kosovotwopointzero.com\/sq\/wp-json\/wp\/v2\/product\/447","targetHints":{"allow":["GET"]}}],"collection":[{"href":"https:\/\/shop.kosovotwopointzero.com\/sq\/wp-json\/wp\/v2\/product"}],"about":[{"href":"https:\/\/shop.kosovotwopointzero.com\/sq\/wp-json\/wp\/v2\/types\/product"}],"wp:featuredmedia":[{"embeddable":true,"href":"https:\/\/shop.kosovotwopointzero.com\/sq\/wp-json\/wp\/v2\/media\/1361"}],"wp:attachment":[{"href":"https:\/\/shop.kosovotwopointzero.com\/sq\/wp-json\/wp\/v2\/media?parent=447"}],"wp:term":[{"taxonomy":"product_brand","embeddable":true,"href":"https:\/\/shop.kosovotwopointzero.com\/sq\/wp-json\/wp\/v2\/product_brand?post=447"},{"taxonomy":"product_cat","embeddable":true,"href":"https:\/\/shop.kosovotwopointzero.com\/sq\/wp-json\/wp\/v2\/product_cat?post=447"},{"taxonomy":"product_tag","embeddable":true,"href":"https:\/\/shop.kosovotwopointzero.com\/sq\/wp-json\/wp\/v2\/product_tag?post=447"}],"curies":[{"name":"wp","href":"https:\/\/api.w.org\/{rel}","templated":true}]}}