{"id":446,"date":"2025-10-06T08:50:34","date_gmt":"2025-10-06T08:50:34","guid":{"rendered":"https:\/\/shop.kosovotwopointzero.com\/product\/linhart-sheqeri-dhe-uria\/"},"modified":"2026-01-19T11:02:30","modified_gmt":"2026-01-19T11:02:30","slug":"the-sugar-and-the-hunger","status":"publish","type":"product","link":"https:\/\/shop.kosovotwopointzero.com\/sq\/shop\/me-shume-publikime\/filozofi\/the-sugar-and-the-hunger\/","title":{"rendered":"The Sugar and the Hunger"},"content":{"rendered":"","protected":false},"excerpt":{"rendered":"<p>RabRab Press paraqet p\u00ebr her\u00eb t\u00eb par\u00eb p\u00ebrkthimin n\u00eb anglisht t\u00eb vepr\u00ebs s\u00eb Robert Linhart, \u201cThe Sugar and the Hunger\u201d, botuar fillimisht n\u00eb vitin 1980. I vler\u00ebsuar gjer\u00ebsisht p\u00ebr analizat e tij t\u00eb angazhuara sociale lidhur me luft\u00ebrat proletare dhe fshatare n\u00ebp\u00ebr bot\u00eb, hulumtimi i Linhartit n\u00eb rajonet e sheqerit n\u00eb verilindje t\u00eb Brazilit i shnd\u00ebrron rr\u00ebfimet e pun\u00ebtor\u00ebve t\u00eb varf\u00ebr n\u00eb nj\u00eb montazh kinematografik t\u00eb gjall\u00eb. P\u00ebrkrah p\u00ebrkthimit t\u00eb vepr\u00ebs s\u00eb Linhartit, libri p\u00ebrfshin gjithashtu \u201cThe Third World, Investigations, Social Analysis\u201d, nj\u00eb intervist\u00eb t\u00eb pabotuar t\u00eb vitit 1980 me Linhartin, realizuar nga Jean Copan, q\u00eb ofron kontekst shtes\u00eb p\u00ebr projektin e tij n\u00eb Brazil.<\/p>\n<p><strong>Redaktore<\/strong>: Minna Henriksson<br \/>\n<strong>Dizajn<\/strong>: Ott Kagovere<br \/>\n<strong>Tirazhi<\/strong>: 400<br \/>\n<strong>Dimensionet:<\/strong>12.5 x 21 cm<br \/>\n<strong>Kop\u00ebrtina<\/strong>: Hardcover<br \/>\n<strong>Faqet:<\/strong> 92<br \/>\n<strong>Viti:<\/strong> 2023<br \/>\n<strong>ISBN<\/strong>: 9789529411313<\/p>\n","protected":false},"featured_media":1316,"template":"","meta":{"_acf_changed":false},"product_brand":[],"product_cat":[76,80,61],"product_tag":[],"class_list":{"0":"post-446","1":"product","2":"type-product","3":"status-publish","4":"has-post-thumbnail","6":"product_cat-filozofi","7":"product_cat-histori-kosova-pertej","8":"product_cat-me-shume-publikime","10":"first","11":"instock","12":"shipping-taxable","13":"purchasable","14":"product-type-simple"},"acf":[],"_links":{"self":[{"href":"https:\/\/shop.kosovotwopointzero.com\/sq\/wp-json\/wp\/v2\/product\/446","targetHints":{"allow":["GET"]}}],"collection":[{"href":"https:\/\/shop.kosovotwopointzero.com\/sq\/wp-json\/wp\/v2\/product"}],"about":[{"href":"https:\/\/shop.kosovotwopointzero.com\/sq\/wp-json\/wp\/v2\/types\/product"}],"wp:featuredmedia":[{"embeddable":true,"href":"https:\/\/shop.kosovotwopointzero.com\/sq\/wp-json\/wp\/v2\/media\/1316"}],"wp:attachment":[{"href":"https:\/\/shop.kosovotwopointzero.com\/sq\/wp-json\/wp\/v2\/media?parent=446"}],"wp:term":[{"taxonomy":"product_brand","embeddable":true,"href":"https:\/\/shop.kosovotwopointzero.com\/sq\/wp-json\/wp\/v2\/product_brand?post=446"},{"taxonomy":"product_cat","embeddable":true,"href":"https:\/\/shop.kosovotwopointzero.com\/sq\/wp-json\/wp\/v2\/product_cat?post=446"},{"taxonomy":"product_tag","embeddable":true,"href":"https:\/\/shop.kosovotwopointzero.com\/sq\/wp-json\/wp\/v2\/product_tag?post=446"}],"curies":[{"name":"wp","href":"https:\/\/api.w.org\/{rel}","templated":true}]}}