{"id":442,"date":"2025-10-06T08:50:35","date_gmt":"2025-10-06T08:50:35","guid":{"rendered":"https:\/\/shop.kosovotwopointzero.com\/product\/sjellur-me-prane-njerezve-arti-i-afreskeve-te-shen-premtes-prizren\/"},"modified":"2026-02-04T14:54:23","modified_gmt":"2026-02-04T14:54:23","slug":"sjellur-me-afer-njerezve-arti-i-afreskeve-te-shen-premtes-prizren","status":"publish","type":"product","link":"https:\/\/shop.kosovotwopointzero.com\/sq\/shop\/me-shume-publikime\/histori-kosova-pertej\/sjellur-me-afer-njerezve-arti-i-afreskeve-te-shen-premtes-prizren\/","title":{"rendered":"Sjellur m\u00eb af\u00ebr njer\u00ebzve &#8211; Arti i Afreskeve t\u00eb \u201cSh\u00ebn Premtes\u201d, Prizren"},"content":{"rendered":"","protected":false},"excerpt":{"rendered":"<p>\u201cSjellur m\u00eb af\u00ebr njer\u00ebzve\u201d p\u00ebrq\u00ebndrohet te afresket e Sh\u00ebn Premtes n\u00eb Ljevi\u0161, nj\u00eb kish\u00eb ortodokse e shekullit XIII dhe sit i trash\u00ebgimis\u00eb bot\u00ebrore t\u00eb UNESCO n\u00eb Prizren, Kosov\u00eb. Libri p\u00ebrfshin nj\u00eb tekst nga Otto Bihajli-Merin, shkruar n\u00eb vitin 1953, s\u00eb bashku me dokumentacionin e punimeve t\u00eb restaurimit dhe riprodhimeve t\u00eb afreskeve realizuar n\u00eb t\u00eb nj\u00ebjt\u00ebn periudh\u00eb nga Zdenka dhe Branislav \u017divkovi\u0107.<\/p>\n<p><strong>Redaktor:<\/strong> Sezgin Boynik<br \/>\n<strong>ISBN:<\/strong> 97809951-9063-4-0<br \/>\n<strong>Faqet:<\/strong> 55<br \/>\n<strong>Kopertina:<\/strong> Paperback<br \/>\n<strong>Gjuha:<\/strong> Edicioni i vet\u00ebm n\u00eb shqip dhe anglisht<br \/>\n<strong>Dimensionet:<\/strong> 23 cm<\/p>\n","protected":false},"featured_media":1140,"template":"","meta":{"_acf_changed":false},"product_brand":[],"product_cat":[80,61],"product_tag":[],"class_list":{"0":"post-442","1":"product","2":"type-product","3":"status-publish","4":"has-post-thumbnail","6":"product_cat-histori-kosova-pertej","7":"product_cat-me-shume-publikime","9":"first","10":"instock","11":"shipping-taxable","12":"purchasable","13":"product-type-simple"},"acf":[],"_links":{"self":[{"href":"https:\/\/shop.kosovotwopointzero.com\/sq\/wp-json\/wp\/v2\/product\/442","targetHints":{"allow":["GET"]}}],"collection":[{"href":"https:\/\/shop.kosovotwopointzero.com\/sq\/wp-json\/wp\/v2\/product"}],"about":[{"href":"https:\/\/shop.kosovotwopointzero.com\/sq\/wp-json\/wp\/v2\/types\/product"}],"wp:featuredmedia":[{"embeddable":true,"href":"https:\/\/shop.kosovotwopointzero.com\/sq\/wp-json\/wp\/v2\/media\/1140"}],"wp:attachment":[{"href":"https:\/\/shop.kosovotwopointzero.com\/sq\/wp-json\/wp\/v2\/media?parent=442"}],"wp:term":[{"taxonomy":"product_brand","embeddable":true,"href":"https:\/\/shop.kosovotwopointzero.com\/sq\/wp-json\/wp\/v2\/product_brand?post=442"},{"taxonomy":"product_cat","embeddable":true,"href":"https:\/\/shop.kosovotwopointzero.com\/sq\/wp-json\/wp\/v2\/product_cat?post=442"},{"taxonomy":"product_tag","embeddable":true,"href":"https:\/\/shop.kosovotwopointzero.com\/sq\/wp-json\/wp\/v2\/product_tag?post=442"}],"curies":[{"name":"wp","href":"https:\/\/api.w.org\/{rel}","templated":true}]}}