{"id":440,"date":"2025-10-06T08:50:35","date_gmt":"2025-10-06T08:50:35","guid":{"rendered":"https:\/\/shop.kosovotwopointzero.com\/product\/arbitri-arbitri\/"},"modified":"2026-01-19T10:23:22","modified_gmt":"2026-01-19T10:23:22","slug":"arbitri","status":"publish","type":"product","link":"https:\/\/shop.kosovotwopointzero.com\/sq\/shop\/me-shume-publikime\/fantashkence\/arbitri\/","title":{"rendered":"Arbitri"},"content":{"rendered":"","protected":false},"excerpt":{"rendered":"<p>N\u00eb nj\u00eb distopi t\u00eb s\u00eb ardhmes s\u00eb af\u00ebrt, t\u00eb gjitha lajmet jan\u00eb t\u00eb censuruara dhe liria e shprehjes \u00ebsht\u00eb b\u00ebr\u00eb kujtim i larg\u00ebt. Gazetar\u00ebt p\u00ebrndiqen dhe eliminohen nga agjent\u00eb t\u00eb fuqizuar kibernetikisht t\u00eb quajtur arbitra. N\u00eb disa vendstrehime t\u00eb mbetura si \u201cPrishtinopolis\u201d, reporter\u00ebt jetojn\u00eb n\u00eb ekzil, duke koordinuar info-revolucione. \u201cArbitri \/ The Arbiter\u201d \u00ebsht\u00eb episodi i par\u00eb i k\u00ebtij romani me episode cyberpunk; funksionon si lib\u00ebr artistik, p\u00ebrmbledhje eseje dhe eksperiment multimedial. Botimi shoq\u00ebrohet me nj\u00eb kolazh muzikor t\u00eb kompozuar nga Liburn Jupolli.<\/p>\n<p><strong>Edicioni i vet\u00ebm:<\/strong> n\u00eb anglisht dhe shqip<\/p>\n","protected":false},"featured_media":1112,"template":"","meta":{"_acf_changed":false},"product_brand":[],"product_cat":[79,61],"product_tag":[],"class_list":{"0":"post-440","1":"product","2":"type-product","3":"status-publish","4":"has-post-thumbnail","6":"product_cat-fantashkence","7":"product_cat-me-shume-publikime","9":"first","10":"instock","11":"shipping-taxable","12":"purchasable","13":"product-type-simple"},"acf":[],"_links":{"self":[{"href":"https:\/\/shop.kosovotwopointzero.com\/sq\/wp-json\/wp\/v2\/product\/440","targetHints":{"allow":["GET"]}}],"collection":[{"href":"https:\/\/shop.kosovotwopointzero.com\/sq\/wp-json\/wp\/v2\/product"}],"about":[{"href":"https:\/\/shop.kosovotwopointzero.com\/sq\/wp-json\/wp\/v2\/types\/product"}],"wp:featuredmedia":[{"embeddable":true,"href":"https:\/\/shop.kosovotwopointzero.com\/sq\/wp-json\/wp\/v2\/media\/1112"}],"wp:attachment":[{"href":"https:\/\/shop.kosovotwopointzero.com\/sq\/wp-json\/wp\/v2\/media?parent=440"}],"wp:term":[{"taxonomy":"product_brand","embeddable":true,"href":"https:\/\/shop.kosovotwopointzero.com\/sq\/wp-json\/wp\/v2\/product_brand?post=440"},{"taxonomy":"product_cat","embeddable":true,"href":"https:\/\/shop.kosovotwopointzero.com\/sq\/wp-json\/wp\/v2\/product_cat?post=440"},{"taxonomy":"product_tag","embeddable":true,"href":"https:\/\/shop.kosovotwopointzero.com\/sq\/wp-json\/wp\/v2\/product_tag?post=440"}],"curies":[{"name":"wp","href":"https:\/\/api.w.org\/{rel}","templated":true}]}}