{"id":438,"date":"2025-10-06T08:50:35","date_gmt":"2025-10-06T08:50:35","guid":{"rendered":"https:\/\/shop.kosovotwopointzero.com\/product\/arratisja\/"},"modified":"2026-02-04T14:46:46","modified_gmt":"2026-02-04T14:46:46","slug":"arratisja","status":"publish","type":"product","link":"https:\/\/shop.kosovotwopointzero.com\/sq\/shop\/me-shume-publikime\/histori-kosova-pertej\/arratisja\/","title":{"rendered":"Arratisja"},"content":{"rendered":"","protected":false},"excerpt":{"rendered":"<p>\u201cArratisja \/ Breaking Out\u201d \u00ebsht\u00eb nj\u00eb botim i p\u00ebrq\u00ebndruar te p\u00ebrvojat e Martin \u00c7unit dhe Muhamer Shabanit, ish-t\u00eb burgosurve politik\u00eb t\u00eb Jugosllavis\u00eb. Bazuar n\u00eb intervista, libri ndjek p\u00ebrpjekjen e tyre t\u00eb p\u00ebrbashk\u00ebt p\u00ebr t\u00eb shp\u00ebtuar nga Qendra e Burgimit t\u00eb Prishtin\u00ebs. P\u00ebr shkak t\u00eb munges\u00ebs s\u00eb dokumentacionit tekstual dhe vizual, botimi mb\u00ebshtetet plot\u00ebsisht n\u00eb kujtimet e \u00c7unit dhe Shabanit, me intervistat e p\u00ebrpunuara n\u00eb narrativ\u00ebn e vet\u00ebs s\u00eb par\u00eb.<\/p>\n<p><strong>Redaktore:<\/strong> Er\u00ebmir\u00eb Krasniqi<br \/>\n<strong>Asistent Redaktore:<\/strong> Anita Susuri<br \/>\n<strong>Hulumtimi:<\/strong> Anita Susuri, Renea Begolli<br \/>\n<strong>P\u00ebrkthimi n\u00eb anglisht:<\/strong> Donjet Behluli<br \/>\n<strong>Faqet:<\/strong> 132<br \/>\n<strong>Kopertina:<\/strong> Softcover<br \/>\n<strong>Dimensionet:<\/strong> 10,5 x 18 cm<br \/>\n<strong>Gjuha:<\/strong> Edicioni i vet\u00ebm n\u00eb anglisht dhe shqip<br \/>\n<strong>Botuesi: <\/strong><span class=\"author-name\">Iniciativa e Historis\u00eb Gojore<\/span><\/p>\n","protected":false},"featured_media":1121,"template":"","meta":{"_acf_changed":false},"product_brand":[],"product_cat":[80,61],"product_tag":[],"class_list":{"0":"post-438","1":"product","2":"type-product","3":"status-publish","4":"has-post-thumbnail","6":"product_cat-histori-kosova-pertej","7":"product_cat-me-shume-publikime","9":"first","10":"instock","11":"shipping-taxable","12":"purchasable","13":"product-type-simple"},"acf":[],"_links":{"self":[{"href":"https:\/\/shop.kosovotwopointzero.com\/sq\/wp-json\/wp\/v2\/product\/438","targetHints":{"allow":["GET"]}}],"collection":[{"href":"https:\/\/shop.kosovotwopointzero.com\/sq\/wp-json\/wp\/v2\/product"}],"about":[{"href":"https:\/\/shop.kosovotwopointzero.com\/sq\/wp-json\/wp\/v2\/types\/product"}],"wp:featuredmedia":[{"embeddable":true,"href":"https:\/\/shop.kosovotwopointzero.com\/sq\/wp-json\/wp\/v2\/media\/1121"}],"wp:attachment":[{"href":"https:\/\/shop.kosovotwopointzero.com\/sq\/wp-json\/wp\/v2\/media?parent=438"}],"wp:term":[{"taxonomy":"product_brand","embeddable":true,"href":"https:\/\/shop.kosovotwopointzero.com\/sq\/wp-json\/wp\/v2\/product_brand?post=438"},{"taxonomy":"product_cat","embeddable":true,"href":"https:\/\/shop.kosovotwopointzero.com\/sq\/wp-json\/wp\/v2\/product_cat?post=438"},{"taxonomy":"product_tag","embeddable":true,"href":"https:\/\/shop.kosovotwopointzero.com\/sq\/wp-json\/wp\/v2\/product_tag?post=438"}],"curies":[{"name":"wp","href":"https:\/\/api.w.org\/{rel}","templated":true}]}}