{"id":436,"date":"2025-10-06T08:50:35","date_gmt":"2025-10-06T08:50:35","guid":{"rendered":"https:\/\/shop.kosovotwopointzero.com\/product\/nje-liber-i-vogel-kujtese-roma\/"},"modified":"2026-01-19T15:27:49","modified_gmt":"2026-01-19T15:27:49","slug":"a-small-roma-memory-book","status":"publish","type":"product","link":"https:\/\/shop.kosovotwopointzero.com\/sq\/shop\/me-shume-publikime\/art-vizual\/a-small-roma-memory-book\/","title":{"rendered":"A Small Roma Memory Book"},"content":{"rendered":"","protected":false},"excerpt":{"rendered":"<p>\u201cA Small Roma Memory Book\u201d \u00ebsht\u00eb nj\u00eb p\u00ebrmbledhje intime dhe personale q\u00eb dokumenton fragmentet e p\u00ebrvoj\u00ebs m\u00eb t\u00eb gjer\u00eb rome. Autorja Dzemiliana Abdulova nd\u00ebrthur tekste, deklarata, pamje dhe aktivitete kulturore q\u00eb p\u00ebrfaq\u00ebsojn\u00eb traditat rome me t\u00eb cilat \u00ebsht\u00eb rritur. Duke reflektuar natyr\u00ebn kryesisht gojore t\u00eb tradit\u00ebs rome, vepra nd\u00ebrthur cop\u00ebza kujtimesh, detaje q\u00eb mungojn\u00eb dhe imazhe vizuale, me histori dhe tekste nga individ\u00eb t\u00eb r\u00ebnd\u00ebsish\u00ebm p\u00ebr Abdulov\u00ebn.<\/p>\n<p><strong>Gjuha:<\/strong> Anglisht \/ Romani<br \/>\n<strong>Viti:<\/strong> 2023<br \/>\n<strong>Dimensionet:<\/strong> 14 x 9.8 cm<br \/>\n<strong>Faqet:<\/strong> 240<br \/>\n<strong>Kopertina:<\/strong> Hardcover<br \/>\n<strong>ISBN:<\/strong> 9786084960058<\/p>\n","protected":false},"featured_media":1008,"template":"","meta":{"_acf_changed":false},"product_brand":[],"product_cat":[73,71,61],"product_tag":[],"class_list":{"0":"post-436","1":"product","2":"type-product","3":"status-publish","4":"has-post-thumbnail","6":"product_cat-art-vizual","7":"product_cat-te-drejtat-e-njeriut","8":"product_cat-me-shume-publikime","10":"first","11":"instock","12":"shipping-taxable","13":"purchasable","14":"product-type-simple"},"acf":[],"_links":{"self":[{"href":"https:\/\/shop.kosovotwopointzero.com\/sq\/wp-json\/wp\/v2\/product\/436","targetHints":{"allow":["GET"]}}],"collection":[{"href":"https:\/\/shop.kosovotwopointzero.com\/sq\/wp-json\/wp\/v2\/product"}],"about":[{"href":"https:\/\/shop.kosovotwopointzero.com\/sq\/wp-json\/wp\/v2\/types\/product"}],"wp:featuredmedia":[{"embeddable":true,"href":"https:\/\/shop.kosovotwopointzero.com\/sq\/wp-json\/wp\/v2\/media\/1008"}],"wp:attachment":[{"href":"https:\/\/shop.kosovotwopointzero.com\/sq\/wp-json\/wp\/v2\/media?parent=436"}],"wp:term":[{"taxonomy":"product_brand","embeddable":true,"href":"https:\/\/shop.kosovotwopointzero.com\/sq\/wp-json\/wp\/v2\/product_brand?post=436"},{"taxonomy":"product_cat","embeddable":true,"href":"https:\/\/shop.kosovotwopointzero.com\/sq\/wp-json\/wp\/v2\/product_cat?post=436"},{"taxonomy":"product_tag","embeddable":true,"href":"https:\/\/shop.kosovotwopointzero.com\/sq\/wp-json\/wp\/v2\/product_tag?post=436"}],"curies":[{"name":"wp","href":"https:\/\/api.w.org\/{rel}","templated":true}]}}