{"id":434,"date":"2025-10-06T08:50:34","date_gmt":"2025-10-06T08:50:34","guid":{"rendered":"https:\/\/shop.kosovotwopointzero.com\/product\/duket-i-dyshimte\/"},"modified":"2026-02-04T15:42:14","modified_gmt":"2026-02-04T15:42:14","slug":"optically-suspicious","status":"publish","type":"product","link":"https:\/\/shop.kosovotwopointzero.com\/sq\/shop\/me-shume-publikime\/histori-kosova-pertej\/optically-suspicious\/","title":{"rendered":"Optically Suspicious"},"content":{"rendered":"","protected":false},"excerpt":{"rendered":"<p>&#8220;Optically Suspicious&#8221; \u00ebsht\u00eb nj\u00eb botim nga qendra kulturore serbe \u201cMatrijar\u0161ija\u201d. Libri ndjek aktivitetet kulturore dhe artistike t\u00eb Sindikat\u00ebs s\u00eb Pun\u00ebtor\u00ebve Grafik\u00eb dhe Tipografik\u00eb t\u00eb Jugosllavis\u00eb. Bazohet n\u00eb hulumtimin e kryer n\u00eb arkivat e sindikat\u00ebs n\u00eb Koleksionin e Materialeve t\u00eb Printuara t\u00eb Muzeut t\u00eb Jugosllavis\u00eb n\u00eb Beograd.<\/p>\n<p>Libri rikrijon historin\u00eb e harruar t\u00eb sindikat\u00ebs, duke studiuar posterat dhe fletushkat e tij dhe ofron diskutime teorike mbi r\u00ebnd\u00ebsin\u00eb e organizimit (vet\u00eb)artistik dhe solidaritetin mes pun\u00ebtor\u00ebve t\u00eb industris\u00eb s\u00eb printimit.<\/p>\n<p><strong>Tirazhi:<\/strong> 600<br \/>\n<strong>Dimensionet:<\/strong> 10 \u00d7 14 cm<br \/>\n<strong>Kopertina<\/strong>: Hardcover<br \/>\n<strong>Faqet:<\/strong> 142<br \/>\n<strong>Viti:<\/strong> Maj 2025<br \/>\n<strong>ISBN:<\/strong> 978-952-65646-1-6<br \/>\n<strong>Botuesi:<\/strong> RabRab Press<\/p>\n","protected":false},"featured_media":919,"template":"","meta":{"_acf_changed":false},"product_brand":[],"product_cat":[80,61],"product_tag":[],"class_list":{"0":"post-434","1":"product","2":"type-product","3":"status-publish","4":"has-post-thumbnail","6":"product_cat-histori-kosova-pertej","7":"product_cat-me-shume-publikime","9":"first","10":"instock","11":"shipping-taxable","12":"purchasable","13":"product-type-simple"},"acf":[],"_links":{"self":[{"href":"https:\/\/shop.kosovotwopointzero.com\/sq\/wp-json\/wp\/v2\/product\/434","targetHints":{"allow":["GET"]}}],"collection":[{"href":"https:\/\/shop.kosovotwopointzero.com\/sq\/wp-json\/wp\/v2\/product"}],"about":[{"href":"https:\/\/shop.kosovotwopointzero.com\/sq\/wp-json\/wp\/v2\/types\/product"}],"wp:featuredmedia":[{"embeddable":true,"href":"https:\/\/shop.kosovotwopointzero.com\/sq\/wp-json\/wp\/v2\/media\/919"}],"wp:attachment":[{"href":"https:\/\/shop.kosovotwopointzero.com\/sq\/wp-json\/wp\/v2\/media?parent=434"}],"wp:term":[{"taxonomy":"product_brand","embeddable":true,"href":"https:\/\/shop.kosovotwopointzero.com\/sq\/wp-json\/wp\/v2\/product_brand?post=434"},{"taxonomy":"product_cat","embeddable":true,"href":"https:\/\/shop.kosovotwopointzero.com\/sq\/wp-json\/wp\/v2\/product_cat?post=434"},{"taxonomy":"product_tag","embeddable":true,"href":"https:\/\/shop.kosovotwopointzero.com\/sq\/wp-json\/wp\/v2\/product_tag?post=434"}],"curies":[{"name":"wp","href":"https:\/\/api.w.org\/{rel}","templated":true}]}}