{"id":432,"date":"2025-10-06T08:50:35","date_gmt":"2025-10-06T08:50:35","guid":{"rendered":"https:\/\/shop.kosovotwopointzero.com\/product\/fushata-e-pajtimit-te-gjaqeve-1990-1991\/"},"modified":"2026-02-04T15:26:45","modified_gmt":"2026-02-04T15:26:45","slug":"fushata-e-pajtimit-te-gjaqeve-1990-1991","status":"publish","type":"product","link":"https:\/\/shop.kosovotwopointzero.com\/sq\/shop\/me-shume-publikime\/histori-kosova-pertej\/fushata-e-pajtimit-te-gjaqeve-1990-1991\/","title":{"rendered":"Fushata e pajtimit t\u00eb gjaqeve 1990-1991"},"content":{"rendered":"","protected":false},"excerpt":{"rendered":"<p>Fushata e Pajtimit t\u00eb Gjaqeve ishte thirrje vendimtare p\u00ebr bashkim dhe veprim nga shqiptar\u00ebt e Kosov\u00ebs n\u00eb vitet e \u201890-a. K\u00ebto ngjarje \u00e7liruan mij\u00ebra familje nga detyrimi p\u00ebr vrasje nderi n\u00eb kontekstin e shtypjes n\u00eb rritje nga shteti serb.<\/p>\n<p>Projekti arkivor dhe ekspozita p\u00ebrcjell\u00ebse synojn\u00eb t\u00eb krijojn\u00eb nj\u00eb hap\u00ebsir\u00eb kujtese t\u00eb gjall\u00eb, ku sfidohen narrativat zyrtare dhe vihet n\u00eb pik\u00ebpyetje kujtesa.<\/p>\n<p><strong>Redaktore:<\/strong> Er\u00ebmir\u00eb Krasniqi<br \/>\n<strong>Hulumtimi:<\/strong> Er\u00ebmir\u00eb Krasniqi<br \/>\n<strong>Asistent\u00eb Hulumtimi:<\/strong> Jeta Rexha, Lirika Demiri<br \/>\n<strong>Faqet:<\/strong> 200<br \/>\n<strong>Kopertina:<\/strong> Hardcover<br \/>\n<strong>Dimensionet:<\/strong> 27 x 23 cm<br \/>\n<strong>Gjuha:<\/strong> Edicion i vet\u00ebm n\u00eb anglisht dhe shqip<br \/>\n<strong>Botuesi:<\/strong> Iniciativa\u00a0e Historis\u00eb\u00a0Gojore<\/p>\n","protected":false},"featured_media":866,"template":"","meta":{"_acf_changed":false},"product_brand":[],"product_cat":[80,61],"product_tag":[],"class_list":{"0":"post-432","1":"product","2":"type-product","3":"status-publish","4":"has-post-thumbnail","6":"product_cat-histori-kosova-pertej","7":"product_cat-me-shume-publikime","9":"first","10":"instock","11":"shipping-taxable","12":"purchasable","13":"product-type-simple"},"acf":[],"_links":{"self":[{"href":"https:\/\/shop.kosovotwopointzero.com\/sq\/wp-json\/wp\/v2\/product\/432","targetHints":{"allow":["GET"]}}],"collection":[{"href":"https:\/\/shop.kosovotwopointzero.com\/sq\/wp-json\/wp\/v2\/product"}],"about":[{"href":"https:\/\/shop.kosovotwopointzero.com\/sq\/wp-json\/wp\/v2\/types\/product"}],"wp:featuredmedia":[{"embeddable":true,"href":"https:\/\/shop.kosovotwopointzero.com\/sq\/wp-json\/wp\/v2\/media\/866"}],"wp:attachment":[{"href":"https:\/\/shop.kosovotwopointzero.com\/sq\/wp-json\/wp\/v2\/media?parent=432"}],"wp:term":[{"taxonomy":"product_brand","embeddable":true,"href":"https:\/\/shop.kosovotwopointzero.com\/sq\/wp-json\/wp\/v2\/product_brand?post=432"},{"taxonomy":"product_cat","embeddable":true,"href":"https:\/\/shop.kosovotwopointzero.com\/sq\/wp-json\/wp\/v2\/product_cat?post=432"},{"taxonomy":"product_tag","embeddable":true,"href":"https:\/\/shop.kosovotwopointzero.com\/sq\/wp-json\/wp\/v2\/product_tag?post=432"}],"curies":[{"name":"wp","href":"https:\/\/api.w.org\/{rel}","templated":true}]}}