{"id":430,"date":"2025-10-06T08:50:36","date_gmt":"2025-10-06T08:50:36","guid":{"rendered":"https:\/\/shop.kosovotwopointzero.com\/product\/ksci-fi-skaje-dhe-kufij\/"},"modified":"2026-02-04T15:10:31","modified_gmt":"2026-02-04T15:10:31","slug":"ksci-fi-fringes-and-frontiers","status":"publish","type":"product","link":"https:\/\/shop.kosovotwopointzero.com\/sq\/shop\/me-shume-publikime\/fantashkence\/ksci-fi-fringes-and-frontiers\/","title":{"rendered":"KSci-Fi: Fringes and Frontiers"},"content":{"rendered":"","protected":false},"excerpt":{"rendered":"<p>\u201cKSci-Fi: Fringes and Frontiers\u201d \u00ebsht\u00eb numri i dyt\u00eb i StoryLab Zine. Duke u frym\u00ebzuar nga pozicioni historik i Kosov\u00ebs si nj\u00eb kufi i perandorive, ky num\u00ebr i dedikohet hap\u00ebsir\u00ebs \u201cs\u00eb nd\u00ebrmjetme\u201d. P\u00ebrfshin tregime p\u00ebr nj\u00eb tuf\u00eb pul\u00ebbardhash hiper-inteligjente, nj\u00eb eksplorues t\u00eb guximsh\u00ebm q\u00eb hyn n\u00eb nj\u00eb galaksi t\u00eb panjohur ku z\u00ebri nuk ekziston dhe nj\u00eb t\u00eb d\u00ebrguar nga nj\u00eb planet-muze, i akuzuar p\u00ebr pla\u00e7kitjen e artefakteve t\u00eb nj\u00eb kulture, nd\u00ebr tregime t\u00eb tjera.<\/p>\n<p><strong>Redaktor:<\/strong> Artrit Byty\u00e7i<br \/>\n<strong>Kontribuesit:<\/strong> Corinne Mazzoli, Dora Tarani, Liburn Jupolli, Sheg\u00eb Bahtiri, Taulant Devolli<br \/>\n<strong>Gjuha:<\/strong> Anglisht<br \/>\n<strong>Viti:<\/strong> 2022<br \/>\n<strong>Dimensionet:<\/strong> 24 cm<br \/>\n<strong>Faqet:<\/strong> 88<br \/>\n<strong>Kopertina:<\/strong> Softcover<br \/>\n<strong>ISBN:<\/strong> 9789951902533<br \/>\n<strong>Botues:<\/strong> StoryLab<\/p>\n","protected":false},"featured_media":1415,"template":"","meta":{"_acf_changed":false},"product_brand":[],"product_cat":[79,61],"product_tag":[],"class_list":{"0":"post-430","1":"product","2":"type-product","3":"status-publish","4":"has-post-thumbnail","6":"product_cat-fantashkence","7":"product_cat-me-shume-publikime","9":"first","10":"instock","11":"shipping-taxable","12":"purchasable","13":"product-type-simple"},"acf":[],"_links":{"self":[{"href":"https:\/\/shop.kosovotwopointzero.com\/sq\/wp-json\/wp\/v2\/product\/430","targetHints":{"allow":["GET"]}}],"collection":[{"href":"https:\/\/shop.kosovotwopointzero.com\/sq\/wp-json\/wp\/v2\/product"}],"about":[{"href":"https:\/\/shop.kosovotwopointzero.com\/sq\/wp-json\/wp\/v2\/types\/product"}],"wp:featuredmedia":[{"embeddable":true,"href":"https:\/\/shop.kosovotwopointzero.com\/sq\/wp-json\/wp\/v2\/media\/1415"}],"wp:attachment":[{"href":"https:\/\/shop.kosovotwopointzero.com\/sq\/wp-json\/wp\/v2\/media?parent=430"}],"wp:term":[{"taxonomy":"product_brand","embeddable":true,"href":"https:\/\/shop.kosovotwopointzero.com\/sq\/wp-json\/wp\/v2\/product_brand?post=430"},{"taxonomy":"product_cat","embeddable":true,"href":"https:\/\/shop.kosovotwopointzero.com\/sq\/wp-json\/wp\/v2\/product_cat?post=430"},{"taxonomy":"product_tag","embeddable":true,"href":"https:\/\/shop.kosovotwopointzero.com\/sq\/wp-json\/wp\/v2\/product_tag?post=430"}],"curies":[{"name":"wp","href":"https:\/\/api.w.org\/{rel}","templated":true}]}}