{"id":424,"date":"2025-10-06T08:50:35","date_gmt":"2025-10-06T08:50:35","guid":{"rendered":"https:\/\/shop.kosovotwopointzero.com\/product\/nje-vend-i-luftes-politike-miniera-e-trepces-1989\/"},"modified":"2026-02-04T14:42:46","modified_gmt":"2026-02-04T14:42:46","slug":"hapesira-e-perpjekjes-politike-miniera-e-trepces-1989","status":"publish","type":"product","link":"https:\/\/shop.kosovotwopointzero.com\/sq\/shop\/me-shume-publikime\/histori-kosova-pertej\/hapesira-e-perpjekjes-politike-miniera-e-trepces-1989\/","title":{"rendered":"Hap\u00ebsira e P\u00ebrpjekjes Politike: Miniera e Trep\u00e7\u00ebs 1989"},"content":{"rendered":"","protected":false},"excerpt":{"rendered":"<p>Botuar n\u00eb bashk\u00ebrendim me ekspozit\u00ebn \u201cHap\u00ebsira e P\u00ebrpjekjes Politike: Miniera e Trep\u00e7\u00ebs 1989\u201d, ky lib\u00ebr merr form\u00ebn e nj\u00eb p\u00ebrmbledhjeje, duke koleksionuar ngjarjet kryesore q\u00eb kan\u00eb p\u00ebrshkruar komunitetin minator t\u00eb Mitrovic\u00ebs n\u00eb Kosov\u00eb. Si botimi ashtu edhe ekspozita shtjellojn\u00eb format e reja t\u00eb angazhimit politik q\u00eb u shfaq\u00ebn n\u00eb Trep\u00e7\u00eb gjat\u00eb grev\u00ebs s\u00eb minator\u00ebve n\u00eb vitin 1989.<\/p>\n<p><strong>Redaktore:<\/strong> Er\u00ebmir\u00eb Krasniqi<br \/>\n<strong>Hulumtimi:<\/strong> Anita Susuri, Er\u00ebmir\u00eb Krasniqi, Korab Krasniqi dhe Renea Begolli<br \/>\n<strong>P\u00ebrkthyes Anglisht:<\/strong> Donjet Behluli<br \/>\n<strong>Faqet:<\/strong> 142<br \/>\n<strong>Kopertina:<\/strong> Hardcover<br \/>\n<strong>Dimensionet:<\/strong> 17 x 22 cm<br \/>\n<strong>Gjuha:<\/strong> Edicione t\u00eb ve\u00e7anta n\u00eb Anglisht dhe Shqip<br \/>\n<strong>Botuesi:<\/strong> Iniciativa\u00a0e Historis\u00eb\u00a0Gojore<\/p>\n","protected":false},"featured_media":989,"template":"","meta":{"_acf_changed":false},"product_brand":[],"product_cat":[80,61],"product_tag":[],"class_list":{"0":"post-424","1":"product","2":"type-product","3":"status-publish","4":"has-post-thumbnail","6":"product_cat-histori-kosova-pertej","7":"product_cat-me-shume-publikime","9":"first","10":"outofstock","11":"shipping-taxable","12":"purchasable","13":"product-type-simple"},"acf":[],"_links":{"self":[{"href":"https:\/\/shop.kosovotwopointzero.com\/sq\/wp-json\/wp\/v2\/product\/424","targetHints":{"allow":["GET"]}}],"collection":[{"href":"https:\/\/shop.kosovotwopointzero.com\/sq\/wp-json\/wp\/v2\/product"}],"about":[{"href":"https:\/\/shop.kosovotwopointzero.com\/sq\/wp-json\/wp\/v2\/types\/product"}],"wp:featuredmedia":[{"embeddable":true,"href":"https:\/\/shop.kosovotwopointzero.com\/sq\/wp-json\/wp\/v2\/media\/989"}],"wp:attachment":[{"href":"https:\/\/shop.kosovotwopointzero.com\/sq\/wp-json\/wp\/v2\/media?parent=424"}],"wp:term":[{"taxonomy":"product_brand","embeddable":true,"href":"https:\/\/shop.kosovotwopointzero.com\/sq\/wp-json\/wp\/v2\/product_brand?post=424"},{"taxonomy":"product_cat","embeddable":true,"href":"https:\/\/shop.kosovotwopointzero.com\/sq\/wp-json\/wp\/v2\/product_cat?post=424"},{"taxonomy":"product_tag","embeddable":true,"href":"https:\/\/shop.kosovotwopointzero.com\/sq\/wp-json\/wp\/v2\/product_tag?post=424"}],"curies":[{"name":"wp","href":"https:\/\/api.w.org\/{rel}","templated":true}]}}