{"id":422,"date":"2025-10-06T08:50:37","date_gmt":"2025-10-06T08:50:37","guid":{"rendered":"https:\/\/shop.kosovotwopointzero.com\/product\/shtepi\/"},"modified":"2026-02-04T15:00:06","modified_gmt":"2026-02-04T15:00:06","slug":"shtepi","status":"publish","type":"product","link":"https:\/\/shop.kosovotwopointzero.com\/sq\/shop\/me-shume-publikime\/tjeter\/shtepi\/","title":{"rendered":"SHT\u00cbPI"},"content":{"rendered":"","protected":false},"excerpt":{"rendered":"<p>Redaktuar nga Lura Limani dhe Rina Krasniqi, \u201cHome\/Sht\u00ebpi\u201d p\u00ebrfshin 13 punime nga autor\u00eb t\u00eb ndrysh\u00ebm ballkanik\u00eb, q\u00eb trajtojn\u00eb tema si identiteti dhe p\u00ebrkat\u00ebsia, dhimbja, lufta, trauma dhe dashuria.<\/p>\n<p><strong>Redaktore:<\/strong> Lura Limani dhe Rina Krasniqi<br \/>\n<strong>Viti:<\/strong> 2023<br \/>\n<strong>Kopertina<\/strong>: Paperback<br \/>\n<strong>Faqet<\/strong>: 200<br \/>\n<strong>Dimensionet<\/strong>: 21 x 15 cm<br \/>\n<strong>ISBN<\/strong>: 978-9951-9152-1-2<br \/>\n<strong>Gjuha:<\/strong> Edicioni i vet\u00ebm n\u00eb anglisht dhe shqip<br \/>\n<strong>Botues:<\/strong> Lirindja<\/p>\n","protected":false},"featured_media":1404,"template":"","meta":{"_acf_changed":false},"product_brand":[],"product_cat":[61,68],"product_tag":[],"class_list":{"0":"post-422","1":"product","2":"type-product","3":"status-publish","4":"has-post-thumbnail","6":"product_cat-me-shume-publikime","7":"product_cat-tjeter","9":"first","10":"instock","11":"shipping-taxable","12":"purchasable","13":"product-type-simple"},"acf":[],"_links":{"self":[{"href":"https:\/\/shop.kosovotwopointzero.com\/sq\/wp-json\/wp\/v2\/product\/422","targetHints":{"allow":["GET"]}}],"collection":[{"href":"https:\/\/shop.kosovotwopointzero.com\/sq\/wp-json\/wp\/v2\/product"}],"about":[{"href":"https:\/\/shop.kosovotwopointzero.com\/sq\/wp-json\/wp\/v2\/types\/product"}],"wp:featuredmedia":[{"embeddable":true,"href":"https:\/\/shop.kosovotwopointzero.com\/sq\/wp-json\/wp\/v2\/media\/1404"}],"wp:attachment":[{"href":"https:\/\/shop.kosovotwopointzero.com\/sq\/wp-json\/wp\/v2\/media?parent=422"}],"wp:term":[{"taxonomy":"product_brand","embeddable":true,"href":"https:\/\/shop.kosovotwopointzero.com\/sq\/wp-json\/wp\/v2\/product_brand?post=422"},{"taxonomy":"product_cat","embeddable":true,"href":"https:\/\/shop.kosovotwopointzero.com\/sq\/wp-json\/wp\/v2\/product_cat?post=422"},{"taxonomy":"product_tag","embeddable":true,"href":"https:\/\/shop.kosovotwopointzero.com\/sq\/wp-json\/wp\/v2\/product_tag?post=422"}],"curies":[{"name":"wp","href":"https:\/\/api.w.org\/{rel}","templated":true}]}}