{"id":421,"date":"2025-10-06T08:50:35","date_gmt":"2025-10-06T08:50:35","guid":{"rendered":"https:\/\/shop.kosovotwopointzero.com\/product\/the-decemberists\/"},"modified":"2026-01-19T12:02:39","modified_gmt":"2026-01-19T12:02:39","slug":"the-decembrists","status":"publish","type":"product","link":"https:\/\/shop.kosovotwopointzero.com\/sq\/shop\/me-shume-publikime\/filozofi\/the-decembrists\/","title":{"rendered":"The Decembrists"},"content":{"rendered":"","protected":false},"excerpt":{"rendered":"<p>\u201cThe Decemberist\u201d nga Larisa Reisner ofron nj\u00eb rr\u00ebfim dramatik dhe t\u00eb gjall\u00eb mbi revolucionin e par\u00eb rus kund\u00ebr autokracis\u00eb cariste n\u00eb vitin 1825. Rip\u00ebrshkrimi i Reisner paraqet nj\u00eb portret t\u00eb fuqish\u00ebm t\u00eb poet\u00ebve t\u00eb rinj, zyrtar\u00ebve dhe aristokrat\u00ebve t\u00eb p\u00ebrfshir\u00eb n\u00eb l\u00ebvizjen politike. Reisner ishte shum\u00eb e njohur n\u00eb shtypin sovjetik p\u00ebr raportimet e saj p\u00ebr Afganistanin, Gjermanin\u00eb e Vajmarit, minierat dhe fabrikat e Ukrain\u00ebs Sovjetike dhe Uraleve. Ky lib\u00ebr p\u00ebrfshin p\u00ebrkthimin e par\u00eb n\u00eb anglisht t\u00eb tekstit t\u00eb Reisner, p\u00ebrkthyer dhe prezantuar nga Cathy Porter.<\/p>\n<p><strong>Tirazhi:<\/strong> 500<br \/>\n<strong>Dimensionet:<\/strong> 20 x 12.5 cm<br \/>\n<strong>Kopertina<\/strong>: Softcover<br \/>\n<strong>Faqet:<\/strong> 128<br \/>\n<strong>Viti:<\/strong> Gusht 2024<br \/>\n<strong>ISBN<\/strong>: 978-952-65183-7-4<br \/>\n<strong>Botuesi:<\/strong> RabRab Press<\/p>\n","protected":false},"featured_media":1376,"template":"","meta":{"_acf_changed":false},"product_brand":[],"product_cat":[76,80,61],"product_tag":[],"class_list":{"0":"post-421","1":"product","2":"type-product","3":"status-publish","4":"has-post-thumbnail","6":"product_cat-filozofi","7":"product_cat-histori-kosova-pertej","8":"product_cat-me-shume-publikime","10":"first","11":"instock","12":"shipping-taxable","13":"purchasable","14":"product-type-simple"},"acf":[],"_links":{"self":[{"href":"https:\/\/shop.kosovotwopointzero.com\/sq\/wp-json\/wp\/v2\/product\/421","targetHints":{"allow":["GET"]}}],"collection":[{"href":"https:\/\/shop.kosovotwopointzero.com\/sq\/wp-json\/wp\/v2\/product"}],"about":[{"href":"https:\/\/shop.kosovotwopointzero.com\/sq\/wp-json\/wp\/v2\/types\/product"}],"wp:featuredmedia":[{"embeddable":true,"href":"https:\/\/shop.kosovotwopointzero.com\/sq\/wp-json\/wp\/v2\/media\/1376"}],"wp:attachment":[{"href":"https:\/\/shop.kosovotwopointzero.com\/sq\/wp-json\/wp\/v2\/media?parent=421"}],"wp:term":[{"taxonomy":"product_brand","embeddable":true,"href":"https:\/\/shop.kosovotwopointzero.com\/sq\/wp-json\/wp\/v2\/product_brand?post=421"},{"taxonomy":"product_cat","embeddable":true,"href":"https:\/\/shop.kosovotwopointzero.com\/sq\/wp-json\/wp\/v2\/product_cat?post=421"},{"taxonomy":"product_tag","embeddable":true,"href":"https:\/\/shop.kosovotwopointzero.com\/sq\/wp-json\/wp\/v2\/product_tag?post=421"}],"curies":[{"name":"wp","href":"https:\/\/api.w.org\/{rel}","templated":true}]}}