{"id":420,"date":"2025-10-06T08:50:35","date_gmt":"2025-10-06T08:50:35","guid":{"rendered":"https:\/\/shop.kosovotwopointzero.com\/product\/nga-e-para\/"},"modified":"2026-01-19T14:45:49","modified_gmt":"2026-01-19T14:45:49","slug":"from-scratch-an-albanian-summer-picaresque","status":"publish","type":"product","link":"https:\/\/shop.kosovotwopointzero.com\/sq\/shop\/me-shume-publikime\/histori-kosova-pertej\/from-scratch-an-albanian-summer-picaresque\/","title":{"rendered":"From Scratch: An Albanian Summer Picaresque"},"content":{"rendered":"","protected":false},"excerpt":{"rendered":"<p>\u201cFrom Scratch\u201d perqendrohet rreth albumit LP t\u00eb vitit 1984, \u201cAlbanian Summer: An Entertainment\u201d. Origjinalisht botuar nga \u201cPractical Music\u201d n\u00eb Lond\u00ebr, albumi u kompozua nga Dave Smith, muzikant dhe an\u00ebtar i Scratch Orchestra dhe u performua nga muzikant\u00eb klasik\u00eb dhe improvizues, Janet Sherbourne dhe Jan Steele. Bazuar n\u00eb intervista, materiale arkivore dhe ese t\u00eb v\u00ebshtira p\u00ebr t\u2019u gjetur, botimi diskuton interesin p\u00ebr Shqip\u00ebrin\u00eb socialiste q\u00eb kishin muzikant\u00ebt eksperimental\u00eb n\u00eb MB. P\u00ebrfshin intervista t\u00eb reja me Dave Smith dhe Jan Steele, tri ese nga Smith lidhur me muzik\u00ebn dhe kultur\u00ebn shqiptare dhe nj\u00eb ese nga Gavin Bryars p\u00ebr muzik\u00ebn e Smith.<\/p>\n<p><strong>Tirazhi:<\/strong> 600<br \/>\n<strong>Dimensionet:<\/strong> 19 x 28 cm<br \/>\n<strong>Kopertina:<\/strong> Softcover<br \/>\n<strong>Faqet:<\/strong> 144<br \/>\n<strong>Viti:<\/strong> Korrik 2022<br \/>\n<strong>ISBN:<\/strong> 979-952-69389-7-4<br \/>\n<strong>Botuesi:<\/strong> RabRab Press<\/p>\n","protected":false},"featured_media":1259,"template":"","meta":{"_acf_changed":false},"product_brand":[],"product_cat":[80,75,61],"product_tag":[],"class_list":{"0":"post-420","1":"product","2":"type-product","3":"status-publish","4":"has-post-thumbnail","6":"product_cat-histori-kosova-pertej","7":"product_cat-muzike","8":"product_cat-me-shume-publikime","10":"first","11":"instock","12":"shipping-taxable","13":"purchasable","14":"product-type-simple"},"acf":[],"_links":{"self":[{"href":"https:\/\/shop.kosovotwopointzero.com\/sq\/wp-json\/wp\/v2\/product\/420","targetHints":{"allow":["GET"]}}],"collection":[{"href":"https:\/\/shop.kosovotwopointzero.com\/sq\/wp-json\/wp\/v2\/product"}],"about":[{"href":"https:\/\/shop.kosovotwopointzero.com\/sq\/wp-json\/wp\/v2\/types\/product"}],"wp:featuredmedia":[{"embeddable":true,"href":"https:\/\/shop.kosovotwopointzero.com\/sq\/wp-json\/wp\/v2\/media\/1259"}],"wp:attachment":[{"href":"https:\/\/shop.kosovotwopointzero.com\/sq\/wp-json\/wp\/v2\/media?parent=420"}],"wp:term":[{"taxonomy":"product_brand","embeddable":true,"href":"https:\/\/shop.kosovotwopointzero.com\/sq\/wp-json\/wp\/v2\/product_brand?post=420"},{"taxonomy":"product_cat","embeddable":true,"href":"https:\/\/shop.kosovotwopointzero.com\/sq\/wp-json\/wp\/v2\/product_cat?post=420"},{"taxonomy":"product_tag","embeddable":true,"href":"https:\/\/shop.kosovotwopointzero.com\/sq\/wp-json\/wp\/v2\/product_tag?post=420"}],"curies":[{"name":"wp","href":"https:\/\/api.w.org\/{rel}","templated":true}]}}