{"id":419,"date":"2025-10-06T08:50:37","date_gmt":"2025-10-06T08:50:37","guid":{"rendered":"https:\/\/shop.kosovotwopointzero.com\/product\/ultra-e-kuqe-vell-1\/"},"modified":"2026-01-23T10:48:18","modified_gmt":"2026-01-23T10:48:18","slug":"ultra-red-vol-1","status":"publish","type":"product","link":"https:\/\/shop.kosovotwopointzero.com\/sq\/shop\/me-shume-publikime\/filozofi\/ultra-red-vol-1\/","title":{"rendered":"ULTRA RED VOL 1"},"content":{"rendered":"","protected":false},"excerpt":{"rendered":"<p>V\u00ebllimi i par\u00eb i \u201cULTRA-RED: A Journal of Militant Sound Inquiry\u201d shtjellon praktika d\u00ebgjimi t\u00eb bazuara n\u00eb l\u00ebvizje, q\u00eb marrin form\u00ebn e k\u00ebrkimeve militante dhe edukimit politik. Dizajnuar nga Ott Kagovere, p\u00ebrfshin mbi 100 imazhe bardh e zi dhe me ngjyra.<\/p>\n<p><strong>Dimensionet:<\/strong> 22 x 14 cm<br \/>\n<strong>Kopertina<\/strong>: Softcover<br \/>\n<strong>Faqet:<\/strong> 246<br \/>\n<strong>Viti: <\/strong>Korrik 2024<br \/>\n<strong>ISSN<\/strong>: 29842530<br \/>\n<strong>Botuesi<\/strong>: RabRab Press<\/p>\n","protected":false},"featured_media":1096,"template":"","meta":{"_acf_changed":false},"product_brand":[],"product_cat":[76,35,61,68],"product_tag":[],"class_list":{"0":"post-419","1":"product","2":"type-product","3":"status-publish","4":"has-post-thumbnail","6":"product_cat-filozofi","7":"product_cat-te-reja-ne-stok","8":"product_cat-me-shume-publikime","9":"product_cat-tjeter","11":"first","12":"instock","13":"shipping-taxable","14":"purchasable","15":"product-type-simple"},"acf":[],"_links":{"self":[{"href":"https:\/\/shop.kosovotwopointzero.com\/sq\/wp-json\/wp\/v2\/product\/419","targetHints":{"allow":["GET"]}}],"collection":[{"href":"https:\/\/shop.kosovotwopointzero.com\/sq\/wp-json\/wp\/v2\/product"}],"about":[{"href":"https:\/\/shop.kosovotwopointzero.com\/sq\/wp-json\/wp\/v2\/types\/product"}],"wp:featuredmedia":[{"embeddable":true,"href":"https:\/\/shop.kosovotwopointzero.com\/sq\/wp-json\/wp\/v2\/media\/1096"}],"wp:attachment":[{"href":"https:\/\/shop.kosovotwopointzero.com\/sq\/wp-json\/wp\/v2\/media?parent=419"}],"wp:term":[{"taxonomy":"product_brand","embeddable":true,"href":"https:\/\/shop.kosovotwopointzero.com\/sq\/wp-json\/wp\/v2\/product_brand?post=419"},{"taxonomy":"product_cat","embeddable":true,"href":"https:\/\/shop.kosovotwopointzero.com\/sq\/wp-json\/wp\/v2\/product_cat?post=419"},{"taxonomy":"product_tag","embeddable":true,"href":"https:\/\/shop.kosovotwopointzero.com\/sq\/wp-json\/wp\/v2\/product_tag?post=419"}],"curies":[{"name":"wp","href":"https:\/\/api.w.org\/{rel}","templated":true}]}}