{"id":416,"date":"2025-10-06T08:50:36","date_gmt":"2025-10-06T08:50:36","guid":{"rendered":"https:\/\/shop.kosovotwopointzero.com\/product\/nje-manifest-i-paplote-per-rritje\/"},"modified":"2026-01-17T18:34:58","modified_gmt":"2026-01-17T18:34:58","slug":"an-incomplete-manifesto-for-growth","status":"publish","type":"product","link":"https:\/\/shop.kosovotwopointzero.com\/sq\/shop\/me-shume-publikime\/an-incomplete-manifesto-for-growth\/","title":{"rendered":"An Incomplete Manifesto for Growth"},"content":{"rendered":"","protected":false},"excerpt":{"rendered":"<p>Shkruar n\u00eb vitin 1998, \u201cAn Incomplete Manifesto for Growth\u201d \u00ebsht\u00eb nj\u00eb p\u00ebrmbledhje deklaratash nga dizajneri kanadez Bruce Mau. K\u00ebto deklarata p\u00ebrcaktojn\u00eb besimet, strategjit\u00eb dhe motivimet e Mau, duke ofruar udh\u00ebzime p\u00ebr zhvillimin e mendimit dhe rritjen personale. Botimi p\u00ebrfshin nj\u00eb parath\u00ebnie nga Elena Pazardzievska Ristovska.<\/p>\n<p><strong>Gjuha:<\/strong> Anglisht<br \/>\n<strong>Viti:<\/strong> 2019<br \/>\n<strong>Dimensionet:<\/strong> 18 x 12 cm<br \/>\n<strong>Faqet:<\/strong> 48<br \/>\n<strong>Kopertina:<\/strong> Softcover<br \/>\n<strong>ISBN:<\/strong> 9786084838036<\/p>\n","protected":false},"featured_media":1104,"template":"","meta":{"_acf_changed":false},"product_brand":[],"product_cat":[61],"product_tag":[],"class_list":{"0":"post-416","1":"product","2":"type-product","3":"status-publish","4":"has-post-thumbnail","6":"product_cat-me-shume-publikime","8":"first","9":"instock","10":"shipping-taxable","11":"purchasable","12":"product-type-simple"},"acf":[],"_links":{"self":[{"href":"https:\/\/shop.kosovotwopointzero.com\/sq\/wp-json\/wp\/v2\/product\/416","targetHints":{"allow":["GET"]}}],"collection":[{"href":"https:\/\/shop.kosovotwopointzero.com\/sq\/wp-json\/wp\/v2\/product"}],"about":[{"href":"https:\/\/shop.kosovotwopointzero.com\/sq\/wp-json\/wp\/v2\/types\/product"}],"wp:featuredmedia":[{"embeddable":true,"href":"https:\/\/shop.kosovotwopointzero.com\/sq\/wp-json\/wp\/v2\/media\/1104"}],"wp:attachment":[{"href":"https:\/\/shop.kosovotwopointzero.com\/sq\/wp-json\/wp\/v2\/media?parent=416"}],"wp:term":[{"taxonomy":"product_brand","embeddable":true,"href":"https:\/\/shop.kosovotwopointzero.com\/sq\/wp-json\/wp\/v2\/product_brand?post=416"},{"taxonomy":"product_cat","embeddable":true,"href":"https:\/\/shop.kosovotwopointzero.com\/sq\/wp-json\/wp\/v2\/product_cat?post=416"},{"taxonomy":"product_tag","embeddable":true,"href":"https:\/\/shop.kosovotwopointzero.com\/sq\/wp-json\/wp\/v2\/product_tag?post=416"}],"curies":[{"name":"wp","href":"https:\/\/api.w.org\/{rel}","templated":true}]}}