{"id":414,"date":"2025-10-06T08:50:36","date_gmt":"2025-10-06T08:50:36","guid":{"rendered":"https:\/\/shop.kosovotwopointzero.com\/product\/ksci-fi-makina-te-realitetit-dhe-gjendje-te-ndryshuara\/"},"modified":"2026-02-04T15:13:25","modified_gmt":"2026-02-04T15:13:25","slug":"ksci-fi-reality-machines-and-altered-states","status":"publish","type":"product","link":"https:\/\/shop.kosovotwopointzero.com\/sq\/shop\/me-shume-publikime\/fantashkence\/ksci-fi-reality-machines-and-altered-states\/","title":{"rendered":"KSci-Fi: Reality Machines and Altered States"},"content":{"rendered":"","protected":false},"excerpt":{"rendered":"<p>\u201cKSci-Fi: Reality Machines and Altered States\u201d \u00ebsht\u00eb numri i tret\u00eb i StoryLab Zine. N\u00eb k\u00ebt\u00eb num\u00ebr, StoryLab shtjellon dallimin mes mendjeve organike dhe sintetike. P\u00ebrfshin rr\u00ebfime p\u00ebr nj\u00eb fembot q\u00eb fiton vullnet t\u00eb lir\u00eb, nj\u00eb person me probleme me pagjum\u00ebsin\u00eb q\u00eb fillon t\u00eb v\u00eb n\u00eb dyshim realitetin, nj\u00eb antropolog q\u00eb shtjellon vijat gjithnj\u00eb e m\u00eb t\u00eb paqarta midis bot\u00ebs virtuale dhe asaj reale, dhe nj\u00eb njeri q\u00eb transformohet n\u00eb qen, nd\u00ebr rr\u00ebfime tjera.<\/p>\n<p><strong>Redaktor:<\/strong> Artrit Byty\u00e7i<br \/>\n<strong>Kontribuesit:<\/strong> Vonesa Gashi, Valon Xoxa, Elbe Trakal, Albanoi Retkoceri, Eva Kamchevska, Likana Cana<br \/>\n<strong>Gjuha:<\/strong> Anglisht<br \/>\n<strong>Viti:<\/strong> 2023<br \/>\n<strong>Dimensionet:<\/strong> 24 cm<br \/>\n<strong>Faqet:<\/strong> 80<br \/>\n<strong>Kopertina:<\/strong> Softcover<br \/>\n<strong>ISBN:<\/strong> 9789951902557<br \/>\n<strong>Botues:<\/strong> StoryLab<\/p>\n","protected":false},"featured_media":1428,"template":"","meta":{"_acf_changed":false},"product_brand":[],"product_cat":[79,61],"product_tag":[],"class_list":{"0":"post-414","1":"product","2":"type-product","3":"status-publish","4":"has-post-thumbnail","6":"product_cat-fantashkence","7":"product_cat-me-shume-publikime","9":"first","10":"instock","11":"shipping-taxable","12":"purchasable","13":"product-type-simple"},"acf":[],"_links":{"self":[{"href":"https:\/\/shop.kosovotwopointzero.com\/sq\/wp-json\/wp\/v2\/product\/414","targetHints":{"allow":["GET"]}}],"collection":[{"href":"https:\/\/shop.kosovotwopointzero.com\/sq\/wp-json\/wp\/v2\/product"}],"about":[{"href":"https:\/\/shop.kosovotwopointzero.com\/sq\/wp-json\/wp\/v2\/types\/product"}],"wp:featuredmedia":[{"embeddable":true,"href":"https:\/\/shop.kosovotwopointzero.com\/sq\/wp-json\/wp\/v2\/media\/1428"}],"wp:attachment":[{"href":"https:\/\/shop.kosovotwopointzero.com\/sq\/wp-json\/wp\/v2\/media?parent=414"}],"wp:term":[{"taxonomy":"product_brand","embeddable":true,"href":"https:\/\/shop.kosovotwopointzero.com\/sq\/wp-json\/wp\/v2\/product_brand?post=414"},{"taxonomy":"product_cat","embeddable":true,"href":"https:\/\/shop.kosovotwopointzero.com\/sq\/wp-json\/wp\/v2\/product_cat?post=414"},{"taxonomy":"product_tag","embeddable":true,"href":"https:\/\/shop.kosovotwopointzero.com\/sq\/wp-json\/wp\/v2\/product_tag?post=414"}],"curies":[{"name":"wp","href":"https:\/\/api.w.org\/{rel}","templated":true}]}}