{"id":408,"date":"2025-10-06T08:50:37","date_gmt":"2025-10-06T08:50:37","guid":{"rendered":"https:\/\/shop.kosovotwopointzero.com\/product\/potpuri-gazeta-02-02-24\/"},"modified":"2026-01-23T14:29:11","modified_gmt":"2026-01-23T14:29:11","slug":"potpuri-gazeta-02-02-24","status":"publish","type":"product","link":"https:\/\/shop.kosovotwopointzero.com\/sq\/shop\/me-shume-publikime\/potpuri-gazeta-02-02-24\/","title":{"rendered":"Potpuri gazeta 02 02\/24"},"content":{"rendered":"","protected":false},"excerpt":{"rendered":"<p>\u201cPotpuri\u201d \u00ebsht\u00eb platform\u00eb botuese e pavarur dhe nism\u00eb bashk\u00ebpunuese dedikuar z\u00ebrave shpesh t\u00eb p\u00ebrjashtuar nga mediat komerciale. Puna e saj p\u00ebrq\u00ebndrohet n\u00eb metodologji kolektive t\u00eb botimit, ve\u00e7an\u00ebrisht p\u00ebrmes prodhimit t\u00eb gazetave fizike. Botuar n\u00eb Zvic\u00ebr dhe Kosov\u00eb, ky \u00ebsht\u00eb edicioni i dyt\u00eb i gazet\u00ebs, n\u00eb tri gjuh\u00eb: shqip, anglisht dhe gjermanisht.<\/p>\n<p><strong>Kopertina:<\/strong> Paperback<br \/>\n<strong>Faqet:<\/strong> 38<br \/>\n<strong>Dimensionet:<\/strong> 42 cm<br \/>\n<strong>Gjuha:<\/strong> Edicioni i vet\u00ebm n\u00eb shqip, anglisht dhe gjermanisht<\/p>\n","protected":false},"featured_media":409,"template":"","meta":{"_acf_changed":false},"product_brand":[],"product_cat":[61],"product_tag":[],"class_list":{"0":"post-408","1":"product","2":"type-product","3":"status-publish","4":"has-post-thumbnail","6":"product_cat-me-shume-publikime","8":"first","9":"instock","10":"shipping-taxable","11":"purchasable","12":"product-type-simple"},"acf":[],"_links":{"self":[{"href":"https:\/\/shop.kosovotwopointzero.com\/sq\/wp-json\/wp\/v2\/product\/408","targetHints":{"allow":["GET"]}}],"collection":[{"href":"https:\/\/shop.kosovotwopointzero.com\/sq\/wp-json\/wp\/v2\/product"}],"about":[{"href":"https:\/\/shop.kosovotwopointzero.com\/sq\/wp-json\/wp\/v2\/types\/product"}],"wp:featuredmedia":[{"embeddable":true,"href":"https:\/\/shop.kosovotwopointzero.com\/sq\/wp-json\/wp\/v2\/media\/409"}],"wp:attachment":[{"href":"https:\/\/shop.kosovotwopointzero.com\/sq\/wp-json\/wp\/v2\/media?parent=408"}],"wp:term":[{"taxonomy":"product_brand","embeddable":true,"href":"https:\/\/shop.kosovotwopointzero.com\/sq\/wp-json\/wp\/v2\/product_brand?post=408"},{"taxonomy":"product_cat","embeddable":true,"href":"https:\/\/shop.kosovotwopointzero.com\/sq\/wp-json\/wp\/v2\/product_cat?post=408"},{"taxonomy":"product_tag","embeddable":true,"href":"https:\/\/shop.kosovotwopointzero.com\/sq\/wp-json\/wp\/v2\/product_tag?post=408"}],"curies":[{"name":"wp","href":"https:\/\/api.w.org\/{rel}","templated":true}]}}