{"id":406,"date":"2025-10-06T08:50:37","date_gmt":"2025-10-06T08:50:37","guid":{"rendered":"https:\/\/shop.kosovotwopointzero.com\/product\/album-1990-1999\/"},"modified":"2026-01-17T18:22:48","modified_gmt":"2026-01-17T18:22:48","slug":"album-1990-1999","status":"publish","type":"product","link":"https:\/\/shop.kosovotwopointzero.com\/sq\/shop\/me-shume-publikime\/fotografi\/album-1990-1999\/","title":{"rendered":"ALBUM 1990-1999"},"content":{"rendered":"","protected":false},"excerpt":{"rendered":"<p>\u201cAlbum 1990-1999\u201d \u00ebsht\u00eb nj\u00eb lib\u00ebr fotografik q\u00eb dokumenton kujtimet personale dhe kolektive t\u00eb Kosov\u00ebs gjat\u00eb dekad\u00ebs s\u00eb trazuar t\u00eb viteve \u201990-a. P\u00ebrzgjedhur dhe kuruar nga Gresa Nuredini, albumi p\u00ebrmban 167 fotografi nga rajone t\u00eb ndryshme, nga dimri i vitit 1991 n\u00eb Pej\u00eb deri n\u00eb ver\u00ebn e vitit 1999 n\u00eb Prishtin\u00eb pas \u00e7lirimit.<\/p>\n<p><strong>Gjuha:<\/strong> Shqip dhe anglisht<br \/>\n<strong>Kopertina:<\/strong> Hardcover<br \/>\n<strong>Faqet:<\/strong> 196<br \/>\n<strong>Viti:<\/strong> 2024<br \/>\n<strong>ISBN:<\/strong> 978-9951-8979-9-0<br \/>\n<strong>Botuesi:<\/strong> Cultural Heritage without Borders<\/p>\n","protected":false},"featured_media":558,"template":"","meta":{"_acf_changed":false},"product_brand":[],"product_cat":[77,80,61],"product_tag":[],"class_list":{"0":"post-406","1":"product","2":"type-product","3":"status-publish","4":"has-post-thumbnail","6":"product_cat-fotografi","7":"product_cat-histori-kosova-pertej","8":"product_cat-me-shume-publikime","10":"first","11":"instock","12":"shipping-taxable","13":"purchasable","14":"product-type-simple"},"acf":[],"_links":{"self":[{"href":"https:\/\/shop.kosovotwopointzero.com\/sq\/wp-json\/wp\/v2\/product\/406","targetHints":{"allow":["GET"]}}],"collection":[{"href":"https:\/\/shop.kosovotwopointzero.com\/sq\/wp-json\/wp\/v2\/product"}],"about":[{"href":"https:\/\/shop.kosovotwopointzero.com\/sq\/wp-json\/wp\/v2\/types\/product"}],"wp:featuredmedia":[{"embeddable":true,"href":"https:\/\/shop.kosovotwopointzero.com\/sq\/wp-json\/wp\/v2\/media\/558"}],"wp:attachment":[{"href":"https:\/\/shop.kosovotwopointzero.com\/sq\/wp-json\/wp\/v2\/media?parent=406"}],"wp:term":[{"taxonomy":"product_brand","embeddable":true,"href":"https:\/\/shop.kosovotwopointzero.com\/sq\/wp-json\/wp\/v2\/product_brand?post=406"},{"taxonomy":"product_cat","embeddable":true,"href":"https:\/\/shop.kosovotwopointzero.com\/sq\/wp-json\/wp\/v2\/product_cat?post=406"},{"taxonomy":"product_tag","embeddable":true,"href":"https:\/\/shop.kosovotwopointzero.com\/sq\/wp-json\/wp\/v2\/product_tag?post=406"}],"curies":[{"name":"wp","href":"https:\/\/api.w.org\/{rel}","templated":true}]}}