{"id":405,"date":"2025-10-06T08:50:36","date_gmt":"2025-10-06T08:50:36","guid":{"rendered":"https:\/\/shop.kosovotwopointzero.com\/product\/revisteza-storylab-zine\/"},"modified":"2026-02-04T15:17:09","modified_gmt":"2026-02-04T15:17:09","slug":"revisteza-storylab-zine","status":"publish","type":"product","link":"https:\/\/shop.kosovotwopointzero.com\/sq\/shop\/me-shume-publikime\/fantashkence\/revisteza-storylab-zine\/","title":{"rendered":"Revist\u00ebza &#8211; StoryLab ZINE"},"content":{"rendered":"","protected":false},"excerpt":{"rendered":"<p>\u201cRevist\u00ebza\u201d \u00ebsht\u00eb zine i par\u00eb i botuar nga StoryLab. P\u00ebrmban nj\u00eb p\u00ebrzierje rr\u00ebfimesh t\u00eb shkurtra, gazetari, poezi, satir\u00eb dhe eksperimente t\u00eb tjera letrare dhe artistike, duke p\u00ebrfshir\u00eb ilustrime dhe punime arti.<\/p>\n<p><strong>Redaktor:<\/strong> Artrit Byty\u00e7i<br \/>\n<strong>Kontribuesit:<\/strong> Agnesa Mehanolli, Antigon\u00eb Isufi, Arb\u00ebr Selmani, Artan Islamaj, Doruntina Berisha, Fllanza Hoxha, Liri Hashani, Malisa Zymberim, Mehdi Sejdiu, Artan Islamaj, Doruntina Berisha, Erita Vetima, Fitim Haziri, Fortuna Gashi, Rina Sadiku, Ves\u00eb Hyseni, Zana Begolli<br \/>\n<strong>Gjuha:<\/strong> Shqip<br \/>\n<strong>Viti:<\/strong> 2021<br \/>\n<strong>Dimensionet:<\/strong> 20 cm<br \/>\n<strong>Faqet:<\/strong> 64<br \/>\nKopertina: Softcover<br \/>\nISBN: 9789951902571<br \/>\n<strong>Botues:<\/strong> StoryLab<\/p>\n","protected":false},"featured_media":1506,"template":"","meta":{"_acf_changed":false},"product_brand":[],"product_cat":[79,61],"product_tag":[],"class_list":{"0":"post-405","1":"product","2":"type-product","3":"status-publish","4":"has-post-thumbnail","6":"product_cat-fantashkence","7":"product_cat-me-shume-publikime","9":"first","10":"instock","11":"shipping-taxable","12":"purchasable","13":"product-type-simple"},"acf":[],"_links":{"self":[{"href":"https:\/\/shop.kosovotwopointzero.com\/sq\/wp-json\/wp\/v2\/product\/405","targetHints":{"allow":["GET"]}}],"collection":[{"href":"https:\/\/shop.kosovotwopointzero.com\/sq\/wp-json\/wp\/v2\/product"}],"about":[{"href":"https:\/\/shop.kosovotwopointzero.com\/sq\/wp-json\/wp\/v2\/types\/product"}],"wp:featuredmedia":[{"embeddable":true,"href":"https:\/\/shop.kosovotwopointzero.com\/sq\/wp-json\/wp\/v2\/media\/1506"}],"wp:attachment":[{"href":"https:\/\/shop.kosovotwopointzero.com\/sq\/wp-json\/wp\/v2\/media?parent=405"}],"wp:term":[{"taxonomy":"product_brand","embeddable":true,"href":"https:\/\/shop.kosovotwopointzero.com\/sq\/wp-json\/wp\/v2\/product_brand?post=405"},{"taxonomy":"product_cat","embeddable":true,"href":"https:\/\/shop.kosovotwopointzero.com\/sq\/wp-json\/wp\/v2\/product_cat?post=405"},{"taxonomy":"product_tag","embeddable":true,"href":"https:\/\/shop.kosovotwopointzero.com\/sq\/wp-json\/wp\/v2\/product_tag?post=405"}],"curies":[{"name":"wp","href":"https:\/\/api.w.org\/{rel}","templated":true}]}}