{"id":2023,"date":"2026-01-26T16:18:20","date_gmt":"2026-01-26T16:18:20","guid":{"rendered":"https:\/\/shop.kosovotwopointzero.com\/?post_type=product&#038;p=2023"},"modified":"2026-01-26T16:20:31","modified_gmt":"2026-01-26T16:20:31","slug":"religjioni-serbisht","status":"publish","type":"product","link":"https:\/\/shop.kosovotwopointzero.com\/sq\/shop\/revistat-dhe-publikimet\/religjioni-serbisht\/","title":{"rendered":"RELIGJIONI (Serbisht)"},"content":{"rendered":"","protected":false},"excerpt":{"rendered":"<p>Feja \u00ebsht\u00eb rikthyer si forc\u00eb e fuqishme q\u00eb form\u00ebson identitetin, moralin, politik\u00ebn dhe jet\u00ebn kolektive n\u00eb Kosov\u00eb dhe rajonin. Ky num\u00ebr i Kosovo 2.0 mbledh rr\u00ebfime dhe analiza, nga ngritja e l\u00ebvizjeve fetare t\u00eb moderuara jasht\u00eb vendit, deri te d\u00ebshmit\u00eb personale t\u00eb konvertimit ose braktisjes s\u00eb besimit, p\u00ebr t\u00eb shqyrtuar se si identitetet fetare ndikojn\u00eb n\u00eb p\u00ebrkat\u00ebsin\u00eb sociale, jet\u00ebn publike dhe kontestimet mbi moralin, kujtes\u00ebn dhe pushtetin.<\/p>\n<p><strong>Viti:<\/strong> 2012<br \/>\n<strong>Kopertina:<\/strong> Paperback<br \/>\n<strong>Dimensionet:<\/strong> 30 x 23 cm<br \/>\n<strong>Gjuha:<\/strong> Shqip, Anglisht, Serbisht<\/p>\n","protected":false},"featured_media":1881,"template":"","meta":{"_acf_changed":false},"product_brand":[],"product_cat":[43],"product_tag":[],"class_list":{"0":"post-2023","1":"product","2":"type-product","3":"status-publish","4":"has-post-thumbnail","6":"product_cat-revistat-dhe-publikimet","8":"first","9":"instock","10":"shipping-taxable","11":"purchasable","12":"product-type-simple"},"acf":[],"_links":{"self":[{"href":"https:\/\/shop.kosovotwopointzero.com\/sq\/wp-json\/wp\/v2\/product\/2023","targetHints":{"allow":["GET"]}}],"collection":[{"href":"https:\/\/shop.kosovotwopointzero.com\/sq\/wp-json\/wp\/v2\/product"}],"about":[{"href":"https:\/\/shop.kosovotwopointzero.com\/sq\/wp-json\/wp\/v2\/types\/product"}],"wp:featuredmedia":[{"embeddable":true,"href":"https:\/\/shop.kosovotwopointzero.com\/sq\/wp-json\/wp\/v2\/media\/1881"}],"wp:attachment":[{"href":"https:\/\/shop.kosovotwopointzero.com\/sq\/wp-json\/wp\/v2\/media?parent=2023"}],"wp:term":[{"taxonomy":"product_brand","embeddable":true,"href":"https:\/\/shop.kosovotwopointzero.com\/sq\/wp-json\/wp\/v2\/product_brand?post=2023"},{"taxonomy":"product_cat","embeddable":true,"href":"https:\/\/shop.kosovotwopointzero.com\/sq\/wp-json\/wp\/v2\/product_cat?post=2023"},{"taxonomy":"product_tag","embeddable":true,"href":"https:\/\/shop.kosovotwopointzero.com\/sq\/wp-json\/wp\/v2\/product_tag?post=2023"}],"curies":[{"name":"wp","href":"https:\/\/api.w.org\/{rel}","templated":true}]}}