{"id":2022,"date":"2026-01-26T16:15:59","date_gmt":"2026-01-26T16:15:59","guid":{"rendered":"https:\/\/shop.kosovotwopointzero.com\/?post_type=product&#038;p=2022"},"modified":"2026-01-26T16:17:47","modified_gmt":"2026-01-26T16:17:47","slug":"migrimi-serbisht","status":"publish","type":"product","link":"https:\/\/shop.kosovotwopointzero.com\/sq\/shop\/revistat-dhe-publikimet\/migrimi-serbisht\/","title":{"rendered":"MIGRIMI (Serbisht)"},"content":{"rendered":"","protected":false},"excerpt":{"rendered":"<p>Ky num\u00ebr i Kosovo 2.0 shqyrton se si migrimi, qoft\u00eb i pun\u00ebtor\u00ebve jasht\u00eb vendit, refugjat\u00ebve apo migrant\u00ebve ekonomik\u00eb bashk\u00ebkohor\u00eb, form\u00ebson identitetin, sht\u00ebpin\u00eb dhe p\u00ebrkat\u00ebsin\u00eb. Duke i kushtuar kujdes strukturave politike dhe shoq\u00ebrore q\u00eb p\u00ebrcaktojn\u00eb kush mund dhe kush nuk mund t\u00eb l\u00ebviz\u00eb, \u201cMigrimi\u201d paraqet rr\u00ebfime personale t\u00eb kosovar\u00ebve p\u00ebrgjat\u00eb brezave, nga pun\u00ebtor\u00ebt mysafir n\u00ebn Jugosllavi, refugjat\u00ebt e periudh\u00ebs s\u00eb luft\u00ebs dhe t\u00eb rinjt\u00eb e sot\u00ebm, shoq\u00ebruar me nj\u00eb analiz\u00eb m\u00eb t\u00eb zgjeruar rreth t\u00eb drejtave dhe politikave t\u00eb migrimit.<\/p>\n<p><strong>Viti:<\/strong> 2014<br \/>\n<strong>Kopertina:<\/strong> Paperback<br \/>\n<strong>Dimensionet:<\/strong> 30 x 23 cm<br \/>\n<strong>Gjuha:<\/strong> Shqip, Anglisht, Serbisht<\/p>\n","protected":false},"featured_media":1889,"template":"","meta":{"_acf_changed":false},"product_brand":[],"product_cat":[43],"product_tag":[],"class_list":{"0":"post-2022","1":"product","2":"type-product","3":"status-publish","4":"has-post-thumbnail","6":"product_cat-revistat-dhe-publikimet","8":"first","9":"instock","10":"shipping-taxable","11":"purchasable","12":"product-type-simple"},"acf":[],"_links":{"self":[{"href":"https:\/\/shop.kosovotwopointzero.com\/sq\/wp-json\/wp\/v2\/product\/2022","targetHints":{"allow":["GET"]}}],"collection":[{"href":"https:\/\/shop.kosovotwopointzero.com\/sq\/wp-json\/wp\/v2\/product"}],"about":[{"href":"https:\/\/shop.kosovotwopointzero.com\/sq\/wp-json\/wp\/v2\/types\/product"}],"wp:featuredmedia":[{"embeddable":true,"href":"https:\/\/shop.kosovotwopointzero.com\/sq\/wp-json\/wp\/v2\/media\/1889"}],"wp:attachment":[{"href":"https:\/\/shop.kosovotwopointzero.com\/sq\/wp-json\/wp\/v2\/media?parent=2022"}],"wp:term":[{"taxonomy":"product_brand","embeddable":true,"href":"https:\/\/shop.kosovotwopointzero.com\/sq\/wp-json\/wp\/v2\/product_brand?post=2022"},{"taxonomy":"product_cat","embeddable":true,"href":"https:\/\/shop.kosovotwopointzero.com\/sq\/wp-json\/wp\/v2\/product_cat?post=2022"},{"taxonomy":"product_tag","embeddable":true,"href":"https:\/\/shop.kosovotwopointzero.com\/sq\/wp-json\/wp\/v2\/product_tag?post=2022"}],"curies":[{"name":"wp","href":"https:\/\/api.w.org\/{rel}","templated":true}]}}