{"id":2021,"date":"2026-01-26T16:13:56","date_gmt":"2026-01-26T16:13:56","guid":{"rendered":"https:\/\/shop.kosovotwopointzero.com\/?post_type=product&#038;p=2021"},"modified":"2026-01-26T16:15:31","modified_gmt":"2026-01-26T16:15:31","slug":"keshtu-duket-paqja-serbisht","status":"publish","type":"product","link":"https:\/\/shop.kosovotwopointzero.com\/sq\/shop\/revistat-dhe-publikimet\/keshtu-duket-paqja-serbisht\/","title":{"rendered":"K\u00ebshtu duket paqja (Serbisht)"},"content":{"rendered":"","protected":false},"excerpt":{"rendered":"<p>Botuar n\u00eb vitin 2024 nga K2.0, &#8220;K\u00ebshtu duket paqja&#8221; trajton konceptin e paqes n\u00eb kontekstin e luft\u00ebs s\u00eb Kosov\u00ebs 1998\u20131999. P\u00ebrmes nj\u00eb p\u00ebrmbledhjeje rr\u00ebfimesh nga autor\u00eb\/re t\u00eb ndrysh\u00ebm\/me, kjo zin\u00eb shtjellon premtimin e lart\u00eb t\u00eb paqes, q\u00eb u shpresua gjat\u00eb luft\u00ebs, dhe realitetin pas saj: p\u00ebrjetimet shqet\u00ebsuese, hidh\u00ebrimin dhe lodhjen q\u00eb mbeten pas.<\/p>\n<p><strong>Viti:<\/strong> 2024<br \/>\n<strong>Kopertina:<\/strong> Paperback<br \/>\n<strong>Gjuha:<\/strong> Shqip, Anglisht, Serbisht<\/p>\n","protected":false},"featured_media":1861,"template":"","meta":{"_acf_changed":false},"product_brand":[],"product_cat":[43],"product_tag":[],"class_list":{"0":"post-2021","1":"product","2":"type-product","3":"status-publish","4":"has-post-thumbnail","6":"product_cat-revistat-dhe-publikimet","8":"first","9":"instock","10":"shipping-taxable","11":"purchasable","12":"product-type-simple"},"acf":[],"_links":{"self":[{"href":"https:\/\/shop.kosovotwopointzero.com\/sq\/wp-json\/wp\/v2\/product\/2021","targetHints":{"allow":["GET"]}}],"collection":[{"href":"https:\/\/shop.kosovotwopointzero.com\/sq\/wp-json\/wp\/v2\/product"}],"about":[{"href":"https:\/\/shop.kosovotwopointzero.com\/sq\/wp-json\/wp\/v2\/types\/product"}],"wp:featuredmedia":[{"embeddable":true,"href":"https:\/\/shop.kosovotwopointzero.com\/sq\/wp-json\/wp\/v2\/media\/1861"}],"wp:attachment":[{"href":"https:\/\/shop.kosovotwopointzero.com\/sq\/wp-json\/wp\/v2\/media?parent=2021"}],"wp:term":[{"taxonomy":"product_brand","embeddable":true,"href":"https:\/\/shop.kosovotwopointzero.com\/sq\/wp-json\/wp\/v2\/product_brand?post=2021"},{"taxonomy":"product_cat","embeddable":true,"href":"https:\/\/shop.kosovotwopointzero.com\/sq\/wp-json\/wp\/v2\/product_cat?post=2021"},{"taxonomy":"product_tag","embeddable":true,"href":"https:\/\/shop.kosovotwopointzero.com\/sq\/wp-json\/wp\/v2\/product_tag?post=2021"}],"curies":[{"name":"wp","href":"https:\/\/api.w.org\/{rel}","templated":true}]}}