{"id":2020,"date":"2026-01-26T16:10:51","date_gmt":"2026-01-26T16:10:51","guid":{"rendered":"https:\/\/shop.kosovotwopointzero.com\/?post_type=product&#038;p=2020"},"modified":"2026-01-26T16:12:10","modified_gmt":"2026-01-26T16:12:10","slug":"balkart-serbisht","status":"publish","type":"product","link":"https:\/\/shop.kosovotwopointzero.com\/sq\/shop\/revistat-dhe-publikimet\/balkart-serbisht\/","title":{"rendered":"BALKART (Serbisht)"},"content":{"rendered":"","protected":false},"excerpt":{"rendered":"<p>\u201cBalkart\u201d p\u00ebrqendrohet tek arti dhe prodhimtaria kulturore n\u00eb rajon, duke mbledhur rr\u00ebfime nga artist\u00ebt \u2013 n\u00eb teat\u00ebr, film, let\u00ebrsi, performanc\u00eb dhe art vizual \u2013 t\u00eb cil\u00ebt sfidojn\u00eb narrativat politike mbizot\u00ebruese. Ky num\u00ebr pozicionon artin jo si periferik, por si medium qen\u00ebsor p\u00ebrmes t\u00eb cilit njer\u00ebzit reflektojn\u00eb mbi \u201ctranzicionet e pasigurta\u201d, angazhohen n\u00eb kritik\u00eb sociale dhe kontribuojn\u00eb n\u00eb debate m\u00eb t\u00eb gjera rreth mendimit politik, kujtes\u00ebs kolektive dhe ndryshimit shoq\u00ebror n\u00eb rajon.<\/p>\n<p><strong>Viti:<\/strong> 2013<br \/>\n<strong>Kopertina:<\/strong> Paperback<br \/>\n<strong>Dimensionet:<\/strong> 30 x 23 cm<br \/>\n<strong>Gjuha:<\/strong> Shqip, Anglisht, Serbisht<\/p>\n","protected":false},"featured_media":1912,"template":"","meta":{"_acf_changed":false},"product_brand":[],"product_cat":[43],"product_tag":[],"class_list":{"0":"post-2020","1":"product","2":"type-product","3":"status-publish","4":"has-post-thumbnail","6":"product_cat-revistat-dhe-publikimet","8":"first","9":"instock","10":"shipping-taxable","11":"purchasable","12":"product-type-simple"},"acf":[],"_links":{"self":[{"href":"https:\/\/shop.kosovotwopointzero.com\/sq\/wp-json\/wp\/v2\/product\/2020","targetHints":{"allow":["GET"]}}],"collection":[{"href":"https:\/\/shop.kosovotwopointzero.com\/sq\/wp-json\/wp\/v2\/product"}],"about":[{"href":"https:\/\/shop.kosovotwopointzero.com\/sq\/wp-json\/wp\/v2\/types\/product"}],"wp:featuredmedia":[{"embeddable":true,"href":"https:\/\/shop.kosovotwopointzero.com\/sq\/wp-json\/wp\/v2\/media\/1912"}],"wp:attachment":[{"href":"https:\/\/shop.kosovotwopointzero.com\/sq\/wp-json\/wp\/v2\/media?parent=2020"}],"wp:term":[{"taxonomy":"product_brand","embeddable":true,"href":"https:\/\/shop.kosovotwopointzero.com\/sq\/wp-json\/wp\/v2\/product_brand?post=2020"},{"taxonomy":"product_cat","embeddable":true,"href":"https:\/\/shop.kosovotwopointzero.com\/sq\/wp-json\/wp\/v2\/product_cat?post=2020"},{"taxonomy":"product_tag","embeddable":true,"href":"https:\/\/shop.kosovotwopointzero.com\/sq\/wp-json\/wp\/v2\/product_tag?post=2020"}],"curies":[{"name":"wp","href":"https:\/\/api.w.org\/{rel}","templated":true}]}}